{"id":13,"date":"2023-09-19T21:18:05","date_gmt":"2023-09-19T21:18:05","guid":{"rendered":"https:\/\/lahechiceradelamor.com\/?page_id=13"},"modified":"2024-12-01T04:14:16","modified_gmt":"2024-12-01T04:14:16","slug":"acerca-de-mi","status":"publish","type":"page","link":"https:\/\/lahechiceradelamor.com\/en\/acerca-de-mi\/","title":{"rendered":"About me"},"content":{"rendered":"\n[et_pb_section fb_built=\u00bb1&#8243; admin_label=\u00bbHeader\u00bb _builder_version=\u00bb4.25.0&#8243; _module_preset=\u00bbdefault\u00bb background_color=\u00bb#050A30&#8243; collapsed=\u00bbon\u00bb global_colors_info=\u00bb{}\u00bb][et_pb_row column_structure=\u00bb1_2,1_2&#8243; _builder_version=\u00bb4.21.0&#8243; _module_preset=\u00bbdefault\u00bb global_colors_info=\u00bb{}\u00bb][et_pb_column type=\u00bb1_2&#8243; _builder_version=\u00bb4.21.0&#8243; _module_preset=\u00bbdefault\u00bb global_colors_info=\u00bb{}\u00bb][et_pb_text _builder_version=\u00bb4.25.1&#8243; _module_preset=\u00bbdefault\u00bb text_font=\u00bbAntiqua||||||||\u00bb text_text_color=\u00bb#FFA801&#8243; text_font_size=\u00bb34px\u00bb text_letter_spacing=\u00bb2px\u00bb text_line_height=\u00bb1.3em\u00bb text_orientation=\u00bbcenter\u00bb text_font_size_tablet=\u00bb50px\u00bb text_font_size_phone=\u00bb36px\u00bb text_font_size_last_edited=\u00bbon|phone\u00bb text_text_shadow_style=\u00bbpreset3&#8243; text_text_shadow_color=\u00bb#FFA801&#8243; global_colors_info=\u00bb{}\u00bb]<p>Desvelando mis misterios<\/p>[\/et_pb_text][et_pb_text _builder_version=\u00bb4.27.0&#8243; _module_preset=\u00bbe35e79ca-157d-4d42-b8f6-522882706936&#8243; text_font=\u00bbAntic Didone||||||||\u00bb text_text_color=\u00bb#ffffff\u00bb text_font_size=\u00bb18px\u00bb header_font_size=\u00bb34px\u00bb background_color=\u00bb#050A30&#8243; scroll_vertical_motion=\u00bb0|50|50|100|1|0|-1.5&#8243; hover_enabled=\u00bb0&#8243; locked=\u00bboff\u00bb global_colors_info=\u00bb{}\u00bb text_font_size_last_edited=\u00bbon|phone\u00bb sticky_enabled=\u00bb0&#8243; text_font_size_phone=\u00bb18px\u00bb text_font_size_tablet=\u00bb18px\u00bb]<p class=\"p1\">Saludos, viajero del misterio y buscador de la luz oculta. Desde las tierras encantadas de Los Teques, en el coraz\u00f3n de Venezuela, emerg\u00ed como un v\u00f3rtice de energ\u00eda ancestral, bendecida con un don que trasciende lo ordinario. Desde mi infancia, los velos de la realidad se apartaron ante mis ojos, revel\u00e1ndome las penas y alegr\u00edas que agitan los corazones de los mortales.<\/p>\n<p class=\"p1\">Este don, una joya legada por mi visabuelo, un sabio en las artes de las antiguas medicinas populares, se despleg\u00f3 como un tapiz en mi vida, tejiendo hilos de conocimiento esot\u00e9rico y sabidur\u00eda primordial. A la tierna edad de siete a\u00f1os, la mirada del destino se pos\u00f3 sobre m\u00ed, y desde entonces, he sido la voz que canaliza la eterna energ\u00eda creadora del universo, guiando a los necesitados hacia la sanaci\u00f3n espiritual.<\/p>[\/et_pb_text][\/et_pb_column][et_pb_column type=\u00bb1_2&#8243; _builder_version=\u00bb4.21.0&#8243; _module_preset=\u00bbdefault\u00bb global_colors_info=\u00bb{}\u00bb][et_pb_image src=\u00bbhttps:\/\/lahechiceradelamor.com\/wp-content\/uploads\/2024\/05\/7.png\u00bb alt=\u00bbblog encantado de la hechicera del amor\u00bb title_text=\u00bbblog encantado de la hechicera del amor\u00bb _builder_version=\u00bb4.25.1&#8243; _module_preset=\u00bbdefault\u00bb scroll_vertical_motion=\u00bb0|50|50|100|1|0|0.5&#8243; scroll_fade_enable=\u00bbon\u00bb global_colors_info=\u00bb{}\u00bb][\/et_pb_image][et_pb_image src=\u00bbhttps:\/\/lahechiceradelamor.com\/wp-content\/uploads\/2024\/05\/4.png\u00bb alt=\u00bbblog encantado de la hechicera del amor\u00bb title_text=\u00bbblog encantado de la hechicera del amor\u00bb _builder_version=\u00bb4.25.1&#8243; _module_preset=\u00bbdefault\u00bb scroll_vertical_motion=\u00bb0|50|50|100|1|0|-2.5&#8243; scroll_horizontal_motion_enable=\u00bbon\u00bb scroll_horizontal_motion=\u00bb0|50|50|100|3|0|-2&#8243; global_colors_info=\u00bb{}\u00bb][\/et_pb_image][\/et_pb_column][\/et_pb_row][\/et_pb_section][et_pb_section fb_built=\u00bb1&#8243; _builder_version=\u00bb4.25.0&#8243; _module_preset=\u00bbdefault\u00bb background_color=\u00bb#050A30&#8243; global_colors_info=\u00bb{}\u00bb][et_pb_row column_structure=\u00bb1_2,1_2&#8243; _builder_version=\u00bb4.25.0&#8243; _module_preset=\u00bbdefault\u00bb global_colors_info=\u00bb{}\u00bb][et_pb_column type=\u00bb1_2&#8243; _builder_version=\u00bb4.25.0&#8243; _module_preset=\u00bbdefault\u00bb global_colors_info=\u00bb{}\u00bb][et_pb_image src=\u00bbhttps:\/\/lahechiceradelamor.com\/wp-content\/uploads\/2024\/05\/13.png\u00bb alt=\u00bbblog encantado de la hechicera del amor\u00bb title_text=\u00bbblog encantado de la hechicera del amor\u00bb _builder_version=\u00bb4.25.1&#8243; _module_preset=\u00bbdefault\u00bb scroll_vertical_motion_enable=\u00bbon\u00bb scroll_vertical_motion=\u00bb0|50|50|100|1|0|-2.5&#8243; global_colors_info=\u00bb{}\u00bb][\/et_pb_image][et_pb_image src=\u00bbhttps:\/\/lahechiceradelamor.com\/wp-content\/uploads\/2024\/05\/5.png\u00bb alt=\u00bbel blog de la hechicera del amor\u00bb title_text=\u00bbel blog de la hechicera del amor\u00bb _builder_version=\u00bb4.25.1&#8243; _module_preset=\u00bbdefault\u00bb scroll_vertical_motion_enable=\u00bbon\u00bb scroll_vertical_motion=\u00bb0|50|50|100|1|0|-2.5&#8243; global_colors_info=\u00bb{}\u00bb][\/et_pb_image][\/et_pb_column][et_pb_column type=\u00bb1_2&#8243; _builder_version=\u00bb4.25.0&#8243; _module_preset=\u00bbdefault\u00bb global_colors_info=\u00bb{}\u00bb][et_pb_text _builder_version=\u00bb4.27.0&#8243; _module_preset=\u00bbdefault\u00bb text_font=\u00bbAntiqua||||||||\u00bb text_text_color=\u00bb#FFA801&#8243; text_font_size=\u00bb38px\u00bb text_letter_spacing=\u00bb2px\u00bb text_line_height=\u00bb1.8em\u00bb text_orientation=\u00bbcenter\u00bb hover_enabled=\u00bb0&#8243; text_font_size_tablet=\u00bb38px\u00bb text_font_size_phone=\u00bb36px\u00bb text_font_size_last_edited=\u00bbon|phone\u00bb text_text_shadow_style=\u00bbpreset3&#8243; text_text_shadow_color=\u00bb#FFA801&#8243; global_colors_info=\u00bb{}\u00bb sticky_enabled=\u00bb0&#8243;]<p>adentrate en mi esencia<\/p>[\/et_pb_text][et_pb_text _builder_version=\u00bb4.27.0&#8243; _module_preset=\u00bbdefault\u00bb text_font=\u00bbAntic Didone||||||||\u00bb text_text_color=\u00bb#ffffff\u00bb text_font_size=\u00bb18px\u00bb header_font_size=\u00bb34px\u00bb hover_enabled=\u00bb0&#8243; global_colors_info=\u00bb{}\u00bb sticky_enabled=\u00bb0&#8243; text_font_size_last_edited=\u00bbon|phone\u00bb text_font_size_tablet=\u00bb18px\u00bb text_font_size_phone=\u00bb18px\u00bb]<p>La abundancia ha sido mi fiel compa\u00f1era, manifestada en la forma de mis amados compa\u00f1eros de cuatro patas: ardillas rescatadas, gatos, perros y gallinas, cada uno un tesoro viviente en mi m\u00e1gico hogar. La naturaleza, mi aliada m\u00e1s cercana, me susurra secretos ancestrales que infunden poder a mis hechizos y p\u00f3cimas, mientras me rodeo de sus maravillas con mis fieles amigos animales a mi lado.<\/p>\n<p>En mi sagrada morada virtual, aguardan los tesoros del m\u00e1s all\u00e1: productos esot\u00e9ricos y m\u00edsticos, algunos forjados por mi propia mano, otros imbuidos con mi esencia misma. Cofres, candelabros, botellas y hierbas m\u00e1gicas, todos custodios de los secretos del cosmos, prometen respuestas a los anhelos del alma: salud, riqueza y amor.<\/p>[\/et_pb_text][et_pb_image src=\u00bbhttps:\/\/lahechiceradelamor.com\/wp-content\/uploads\/2024\/05\/6.png\u00bb alt=\u00bbla hechicera y su blog encantado\u00bb title_text=\u00bbla hechicera y su blog encantado\u00bb _builder_version=\u00bb4.25.1&#8243; _module_preset=\u00bbdefault\u00bb custom_padding=\u00bb0px||0px|||\u00bb scroll_vertical_motion=\u00bb0|50|50|100|1.5|0|-2.5&#8243; scroll_fade_enable=\u00bbon\u00bb global_colors_info=\u00bb{}\u00bb][\/et_pb_image][\/et_pb_column][\/et_pb_row][\/et_pb_section][et_pb_section fb_built=\u00bb1&#8243; _builder_version=\u00bb4.25.0&#8243; _module_preset=\u00bbdefault\u00bb background_color=\u00bb#050A30&#8243; custom_margin=\u00bb-5px|||||\u00bb global_colors_info=\u00bb{}\u00bb][et_pb_row _builder_version=\u00bb4.25.0&#8243; _module_preset=\u00bbdefault\u00bb custom_margin=\u00bb-31px|auto||auto||\u00bb custom_padding=\u00bb7px|||||\u00bb global_colors_info=\u00bb{}\u00bb][et_pb_column type=\u00bb4_4&#8243; _builder_version=\u00bb4.25.0&#8243; _module_preset=\u00bbdefault\u00bb global_colors_info=\u00bb{}\u00bb][et_pb_text _builder_version=\u00bb4.25.1&#8243; _module_preset=\u00bbdefault\u00bb text_font=\u00bbAntic Didone||||||||\u00bb text_text_color=\u00bb#ffffff\u00bb text_font_size=\u00bb18px\u00bb header_font_size=\u00bb34px\u00bb global_colors_info=\u00bb{}\u00bb]<p class=\"p1\">Mas mi misi\u00f3n trasciende las fronteras del mundo visible, pues tambi\u00e9n soy guardiana de la Madre Tierra, recolectando y reciclando envases y cajas, transformando la basura en portadores de magia, en honor a nuestra amada madre pacha, protectora de toda vida.<\/p>\n<p class=\"p1\">En la encrucijada de la existencia, soy la hechicera, alquimista y bruja, tejedora de sue\u00f1os y portadora de la luz. En mi biograf\u00eda, el hilo del destino se entreteje con la esencia misma del universo, y mi sendero, iluminado por las estrellas, se extiende hacia el infinito.<\/p>[\/et_pb_text][\/et_pb_column][\/et_pb_row][et_pb_row column_structure=\u00bb1_2,1_2&#8243; _builder_version=\u00bb4.25.0&#8243; _module_preset=\u00bbdefault\u00bb global_colors_info=\u00bb{}\u00bb][et_pb_column type=\u00bb1_2&#8243; _builder_version=\u00bb4.25.0&#8243; _module_preset=\u00bbdefault\u00bb global_colors_info=\u00bb{}\u00bb][et_pb_image src=\u00bbhttps:\/\/lahechiceradelamor.com\/wp-content\/uploads\/2024\/05\/14-1.png\u00bb alt=\u00bbtienda esoterica\u00bb title_text=\u00bbtienda esoterica\u00bb _builder_version=\u00bb4.25.1&#8243; _module_preset=\u00bbdefault\u00bb scroll_vertical_motion_enable=\u00bbon\u00bb scroll_vertical_motion=\u00bb0|50|50|100|1|0|-2.5&#8243; global_colors_info=\u00bb{}\u00bb][\/et_pb_image][\/et_pb_column][et_pb_column type=\u00bb1_2&#8243; _builder_version=\u00bb4.25.0&#8243; _module_preset=\u00bbdefault\u00bb global_colors_info=\u00bb{}\u00bb][et_pb_text _builder_version=\u00bb4.25.0&#8243; _module_preset=\u00bbdefault\u00bb text_font=\u00bbAntic Didone||on||||||\u00bb text_text_color=\u00bb#FFA801&#8243; text_font_size=\u00bb20px\u00bb text_orientation=\u00bbcenter\u00bb custom_margin=\u00bb18px||29px|||\u00bb text_font_size_tablet=\u00bb20px\u00bb text_font_size_phone=\u00bb20px\u00bb text_font_size_last_edited=\u00bbon|phone\u00bb text_text_shadow_style=\u00bbpreset3&#8243; text_text_shadow_color=\u00bb#FFA801&#8243; global_colors_info=\u00bb{}\u00bb]<p><span>\u00abEn m\u00ed habita la luz del amor verdadero, Me amo y me acepto tal como soy, Cuido de mi ser con compasi\u00f3n y ternura, Mi coraz\u00f3n se llena de paz y fortaleza, Que este amor propio crezca cada d\u00eda, Para irradiar felicidad y plenitud en mi vida.\u00bb<\/span><\/p>[\/et_pb_text][\/et_pb_column][\/et_pb_row][\/et_pb_section][et_pb_section fb_built=\u00bb1&#8243; fullwidth=\u00bbon\u00bb _builder_version=\u00bb4.25.1&#8243; _module_preset=\u00bbdefault\u00bb background_color=\u00bb#050A30&#8243; global_colors_info=\u00bb{}\u00bb][et_pb_fullwidth_image src=\u00bbhttps:\/\/lahechiceradelamor.com\/wp-content\/uploads\/2024\/05\/olla-grande.png\u00bb alt=\u00bbla hechicera del amor\u00bb title_text=\u00bbla hechicera del amor\u00bb _builder_version=\u00bb4.25.1&#8243; _module_preset=\u00bbdefault\u00bb scroll_fade_enable=\u00bbon\u00bb global_colors_info=\u00bb{}\u00bb][\/et_pb_fullwidth_image][\/et_pb_section]\n","protected":false},"excerpt":{"rendered":"<p>Desvelando mis misteriosSaludos, viajero del misterio y buscador de la luz oculta. Desde las tierras encantadas de Los Teques, en el coraz\u00f3n de Venezuela, emerg\u00ed como un v\u00f3rtice de energ\u00eda ancestral, bendecida con un don que trasciende lo ordinario. Desde mi infancia, los velos de la realidad se apartaron ante mis ojos, revel\u00e1ndome las penas [&hellip;]<\/p>\n","protected":false},"author":1,"featured_media":0,"parent":0,"menu_order":0,"comment_status":"closed","ping_status":"closed","template":"","meta":{"_et_pb_use_builder":"on","_et_pb_old_content":"","_et_gb_content_width":"","_mbp_gutenberg_autopost":false,"footnotes":""},"class_list":["post-13","page","type-page","status-publish","hentry"],"yoast_head":"<!-- This site is optimized with the Yoast SEO plugin v27.3 - https:\/\/yoast.com\/product\/yoast-seo-wordpress\/ -->\n<title>Acerca de mi - Encantamientos y Hechizos para transformar tu vida amorosa.<\/title>\n<meta name=\"description\" content=\"Saludos, viajero del misterio y buscador de la luz oculta. Desde las tierras encantadas de Los Teques, en el coraz\u00f3n de Venezuela, emerg\u00ed como un v\u00f3rtice de energ\u00eda ancestral.\" \/>\n<meta name=\"robots\" content=\"index, follow, max-snippet:-1, max-image-preview:large, max-video-preview:-1\" \/>\n<link rel=\"canonical\" href=\"https:\/\/lahechiceradelamor.com\/en\/acerca-de-mi\/\" \/>\n<meta property=\"og:locale\" content=\"en_US\" \/>\n<meta property=\"og:type\" content=\"article\" \/>\n<meta property=\"og:title\" content=\"Acerca de mi - Encantamientos y Hechizos para transformar tu vida amorosa.\" \/>\n<meta property=\"og:description\" content=\"Saludos, viajero del misterio y buscador de la luz oculta. Desde las tierras encantadas de Los Teques, en el coraz\u00f3n de Venezuela, emerg\u00ed como un v\u00f3rtice de energ\u00eda ancestral.\" \/>\n<meta property=\"og:url\" content=\"https:\/\/lahechiceradelamor.com\/en\/acerca-de-mi\/\" \/>\n<meta property=\"og:site_name\" content=\"La Hechicera del Amor\" \/>\n<meta property=\"article:publisher\" content=\"https:\/\/www.facebook.com\/salomelahechicera?mibextid=LQQJ4d\" \/>\n<meta property=\"article:modified_time\" content=\"2024-12-01T04:14:16+00:00\" \/>\n<meta property=\"og:image\" content=\"https:\/\/lahechiceradelamor.com\/wp-content\/uploads\/2024\/04\/Diseno-sin-titulo-2-1.png\" \/>\n\t<meta property=\"og:image:width\" content=\"1200\" \/>\n\t<meta property=\"og:image:height\" content=\"675\" \/>\n\t<meta property=\"og:image:type\" content=\"image\/png\" \/>\n<meta name=\"twitter:card\" content=\"summary_large_image\" \/>\n<meta name=\"twitter:site\" content=\"@lahechicera777\" \/>\n<meta name=\"twitter:label1\" content=\"Est. reading time\" \/>\n\t<meta name=\"twitter:data1\" content=\"4 minutes\" \/>\n<script type=\"application\/ld+json\" class=\"yoast-schema-graph\">{\"@context\":\"https:\\\/\\\/schema.org\",\"@graph\":[{\"@type\":\"WebPage\",\"@id\":\"https:\\\/\\\/lahechiceradelamor.com\\\/acerca-de-mi\\\/\",\"url\":\"https:\\\/\\\/lahechiceradelamor.com\\\/acerca-de-mi\\\/\",\"name\":\"Acerca de mi - Encantamientos y Hechizos para transformar tu vida amorosa.\",\"isPartOf\":{\"@id\":\"https:\\\/\\\/lahechiceradelamor.com\\\/#website\"},\"datePublished\":\"2023-09-19T21:18:05+00:00\",\"dateModified\":\"2024-12-01T04:14:16+00:00\",\"description\":\"Saludos, viajero del misterio y buscador de la luz oculta. Desde las tierras encantadas de Los Teques, en el coraz\u00f3n de Venezuela, emerg\u00ed como un v\u00f3rtice de energ\u00eda ancestral.\",\"breadcrumb\":{\"@id\":\"https:\\\/\\\/lahechiceradelamor.com\\\/acerca-de-mi\\\/#breadcrumb\"},\"inLanguage\":\"en-US\",\"potentialAction\":[{\"@type\":\"ReadAction\",\"target\":[\"https:\\\/\\\/lahechiceradelamor.com\\\/acerca-de-mi\\\/\"]}]},{\"@type\":\"BreadcrumbList\",\"@id\":\"https:\\\/\\\/lahechiceradelamor.com\\\/acerca-de-mi\\\/#breadcrumb\",\"itemListElement\":[{\"@type\":\"ListItem\",\"position\":1,\"name\":\"Home\",\"item\":\"https:\\\/\\\/lahechiceradelamor.com\\\/\"},{\"@type\":\"ListItem\",\"position\":2,\"name\":\"Acerca de mi\"}]},{\"@type\":\"WebSite\",\"@id\":\"https:\\\/\\\/lahechiceradelamor.com\\\/#website\",\"url\":\"https:\\\/\\\/lahechiceradelamor.com\\\/\",\"name\":\"La Hechicera del Amor\",\"description\":\"Encantamientos y Hechizos para transformar tu vida amorosa.\",\"publisher\":{\"@id\":\"https:\\\/\\\/lahechiceradelamor.com\\\/#\\\/schema\\\/person\\\/8d702804eabfc5abdf39d6fecbeabd4e\"},\"alternateName\":\"La Hechicera del Amor\",\"potentialAction\":[{\"@type\":\"SearchAction\",\"target\":{\"@type\":\"EntryPoint\",\"urlTemplate\":\"https:\\\/\\\/lahechiceradelamor.com\\\/?s={search_term_string}\"},\"query-input\":{\"@type\":\"PropertyValueSpecification\",\"valueRequired\":true,\"valueName\":\"search_term_string\"}}],\"inLanguage\":\"en-US\"},{\"@type\":[\"Person\",\"Organization\"],\"@id\":\"https:\\\/\\\/lahechiceradelamor.com\\\/#\\\/schema\\\/person\\\/8d702804eabfc5abdf39d6fecbeabd4e\",\"name\":\"La Hechicera del Amor\",\"image\":{\"@type\":\"ImageObject\",\"inLanguage\":\"en-US\",\"@id\":\"https:\\\/\\\/lahechiceradelamor.com\\\/wp-content\\\/uploads\\\/2024\\\/04\\\/Logo-Florista-Circular-Blanco-Negro-1.png\",\"url\":\"https:\\\/\\\/lahechiceradelamor.com\\\/wp-content\\\/uploads\\\/2024\\\/04\\\/Logo-Florista-Circular-Blanco-Negro-1.png\",\"contentUrl\":\"https:\\\/\\\/lahechiceradelamor.com\\\/wp-content\\\/uploads\\\/2024\\\/04\\\/Logo-Florista-Circular-Blanco-Negro-1.png\",\"width\":500,\"height\":500,\"caption\":\"La Hechicera del Amor\"},\"logo\":{\"@id\":\"https:\\\/\\\/lahechiceradelamor.com\\\/wp-content\\\/uploads\\\/2024\\\/04\\\/Logo-Florista-Circular-Blanco-Negro-1.png\"},\"description\":\"Mi pasi\u00f3n es desvelar los misterios del coraz\u00f3n y encender la chispa del amor verdadero en cada alma. Con cada hechizo y consejo, te guiar\u00e9 en un viaje m\u00e1gico hacia el encuentro de tu destino amoroso. \u00danete a mi comunidad \u201cLa Hechicera del Amor\u201d y descubre el poder transformador de la magia y el amor. Que nuestras energ\u00edas se entrelacen en este camino de luz y pasi\u00f3n. \u00a1Que la magia del amor ilumine tu sendero y haga latir tu coraz\u00f3n con intensidad!\",\"sameAs\":[\"https:\\\/\\\/lahechiceradelamor.com\",\"https:\\\/\\\/www.facebook.com\\\/salomelahechicera?mibextid=LQQJ4d\",\"https:\\\/\\\/www.instagram.com\\\/lahechiceradelamor\",\"https:\\\/\\\/x.com\\\/https:\\\/\\\/twitter.com\\\/lahechicera777\",\"https:\\\/\\\/www.youtube.com\\\/@lahechiceradelamor\"]}]}<\/script>\n<!-- \/ Yoast SEO plugin. -->","yoast_head_json":{"title":"Acerca de mi - Encantamientos y Hechizos para transformar tu vida amorosa.","description":"Saludos, viajero del misterio y buscador de la luz oculta. Desde las tierras encantadas de Los Teques, en el coraz\u00f3n de Venezuela, emerg\u00ed como un v\u00f3rtice de energ\u00eda ancestral.","robots":{"index":"index","follow":"follow","max-snippet":"max-snippet:-1","max-image-preview":"max-image-preview:large","max-video-preview":"max-video-preview:-1"},"canonical":"https:\/\/lahechiceradelamor.com\/en\/acerca-de-mi\/","og_locale":"en_US","og_type":"article","og_title":"Acerca de mi - Encantamientos y Hechizos para transformar tu vida amorosa.","og_description":"Saludos, viajero del misterio y buscador de la luz oculta. Desde las tierras encantadas de Los Teques, en el coraz\u00f3n de Venezuela, emerg\u00ed como un v\u00f3rtice de energ\u00eda ancestral.","og_url":"https:\/\/lahechiceradelamor.com\/en\/acerca-de-mi\/","og_site_name":"La Hechicera del Amor","article_publisher":"https:\/\/www.facebook.com\/salomelahechicera?mibextid=LQQJ4d","article_modified_time":"2024-12-01T04:14:16+00:00","og_image":[{"width":1200,"height":675,"url":"https:\/\/lahechiceradelamor.com\/wp-content\/uploads\/2024\/04\/Diseno-sin-titulo-2-1.png","type":"image\/png"}],"twitter_card":"summary_large_image","twitter_site":"@lahechicera777","twitter_misc":{"Est. reading time":"4 minutes"},"schema":{"@context":"https:\/\/schema.org","@graph":[{"@type":"WebPage","@id":"https:\/\/lahechiceradelamor.com\/acerca-de-mi\/","url":"https:\/\/lahechiceradelamor.com\/acerca-de-mi\/","name":"Acerca de mi - Encantamientos y Hechizos para transformar tu vida amorosa.","isPartOf":{"@id":"https:\/\/lahechiceradelamor.com\/#website"},"datePublished":"2023-09-19T21:18:05+00:00","dateModified":"2024-12-01T04:14:16+00:00","description":"Saludos, viajero del misterio y buscador de la luz oculta. Desde las tierras encantadas de Los Teques, en el coraz\u00f3n de Venezuela, emerg\u00ed como un v\u00f3rtice de energ\u00eda ancestral.","breadcrumb":{"@id":"https:\/\/lahechiceradelamor.com\/acerca-de-mi\/#breadcrumb"},"inLanguage":"en-US","potentialAction":[{"@type":"ReadAction","target":["https:\/\/lahechiceradelamor.com\/acerca-de-mi\/"]}]},{"@type":"BreadcrumbList","@id":"https:\/\/lahechiceradelamor.com\/acerca-de-mi\/#breadcrumb","itemListElement":[{"@type":"ListItem","position":1,"name":"Home","item":"https:\/\/lahechiceradelamor.com\/"},{"@type":"ListItem","position":2,"name":"Acerca de mi"}]},{"@type":"WebSite","@id":"https:\/\/lahechiceradelamor.com\/#website","url":"https:\/\/lahechiceradelamor.com\/","name":"La Hechicera del Amor","description":"Encantamientos y Hechizos para transformar tu vida amorosa.","publisher":{"@id":"https:\/\/lahechiceradelamor.com\/#\/schema\/person\/8d702804eabfc5abdf39d6fecbeabd4e"},"alternateName":"La Hechicera del Amor","potentialAction":[{"@type":"SearchAction","target":{"@type":"EntryPoint","urlTemplate":"https:\/\/lahechiceradelamor.com\/?s={search_term_string}"},"query-input":{"@type":"PropertyValueSpecification","valueRequired":true,"valueName":"search_term_string"}}],"inLanguage":"en-US"},{"@type":["Person","Organization"],"@id":"https:\/\/lahechiceradelamor.com\/#\/schema\/person\/8d702804eabfc5abdf39d6fecbeabd4e","name":"La Hechicera del Amor","image":{"@type":"ImageObject","inLanguage":"en-US","@id":"https:\/\/lahechiceradelamor.com\/wp-content\/uploads\/2024\/04\/Logo-Florista-Circular-Blanco-Negro-1.png","url":"https:\/\/lahechiceradelamor.com\/wp-content\/uploads\/2024\/04\/Logo-Florista-Circular-Blanco-Negro-1.png","contentUrl":"https:\/\/lahechiceradelamor.com\/wp-content\/uploads\/2024\/04\/Logo-Florista-Circular-Blanco-Negro-1.png","width":500,"height":500,"caption":"La Hechicera del Amor"},"logo":{"@id":"https:\/\/lahechiceradelamor.com\/wp-content\/uploads\/2024\/04\/Logo-Florista-Circular-Blanco-Negro-1.png"},"description":"Mi pasi\u00f3n es desvelar los misterios del coraz\u00f3n y encender la chispa del amor verdadero en cada alma. Con cada hechizo y consejo, te guiar\u00e9 en un viaje m\u00e1gico hacia el encuentro de tu destino amoroso. \u00danete a mi comunidad \u201cLa Hechicera del Amor\u201d y descubre el poder transformador de la magia y el amor. Que nuestras energ\u00edas se entrelacen en este camino de luz y pasi\u00f3n. \u00a1Que la magia del amor ilumine tu sendero y haga latir tu coraz\u00f3n con intensidad!","sameAs":["https:\/\/lahechiceradelamor.com","https:\/\/www.facebook.com\/salomelahechicera?mibextid=LQQJ4d","https:\/\/www.instagram.com\/lahechiceradelamor","https:\/\/x.com\/https:\/\/twitter.com\/lahechicera777","https:\/\/www.youtube.com\/@lahechiceradelamor"]}]}},"_hostinger_reach_plugin_has_subscription_block":false,"_hostinger_reach_plugin_is_elementor":false,"_links":{"self":[{"href":"https:\/\/lahechiceradelamor.com\/en\/wp-json\/wp\/v2\/pages\/13","targetHints":{"allow":["GET"]}}],"collection":[{"href":"https:\/\/lahechiceradelamor.com\/en\/wp-json\/wp\/v2\/pages"}],"about":[{"href":"https:\/\/lahechiceradelamor.com\/en\/wp-json\/wp\/v2\/types\/page"}],"author":[{"embeddable":true,"href":"https:\/\/lahechiceradelamor.com\/en\/wp-json\/wp\/v2\/users\/1"}],"replies":[{"embeddable":true,"href":"https:\/\/lahechiceradelamor.com\/en\/wp-json\/wp\/v2\/comments?post=13"}],"version-history":[{"count":28,"href":"https:\/\/lahechiceradelamor.com\/en\/wp-json\/wp\/v2\/pages\/13\/revisions"}],"predecessor-version":[{"id":1666,"href":"https:\/\/lahechiceradelamor.com\/en\/wp-json\/wp\/v2\/pages\/13\/revisions\/1666"}],"wp:attachment":[{"href":"https:\/\/lahechiceradelamor.com\/en\/wp-json\/wp\/v2\/media?parent=13"}],"curies":[{"name":"wp","href":"https:\/\/api.w.org\/{rel}","templated":true}]}}