{"id":1520,"date":"2024-08-29T16:21:48","date_gmt":"2024-08-29T16:21:48","guid":{"rendered":"https:\/\/lahechiceradelamor.com\/?page_id=1520"},"modified":"2024-08-29T16:21:49","modified_gmt":"2024-08-29T16:21:49","slug":"terminos-y-condiciones","status":"publish","type":"page","link":"https:\/\/lahechiceradelamor.com\/en\/terminos-y-condiciones\/","title":{"rendered":"TERMINOS Y CONDICIONES"},"content":{"rendered":"<p><strong>TERMINOS Y CONDICIONES<\/strong><\/p>\n\n\n\n<p><strong>Lea las pol\u00edticas del sitio, antes de solicitar alg\u00fan producto o trabajo espiritual<\/strong><\/p>\n\n\n\n<p><strong>No recolectamos informaci\u00f3n financiera ni n\u00fameros de identificaci\u00f3n personal, los datos solicitados ser\u00e1n su nombre, el de la persona a quien se trabaja y el de un familiar o amigo fallecido, para uso dentro de su Trabajo Espiritual.<\/strong><\/p>\n\n\n\n<p><strong>Los datos suministrados por el usuario son privados, &nbsp; no se compartir\u00e1n con terceros y ser\u00e1n manejados bajo las normas de protecci\u00f3n de la identidad.<\/strong><\/p>\n\n\n\n<p><strong>La informaci\u00f3n es utilizada con el fin de ofertar nuestros productos y servicios, via correo electr\u00f3nico y cuentan con su autorizaci\u00f3n y en caso de no desear recibirla, deber\u00e1 informarlo para ser&nbsp; borrado del listado<\/strong><\/p>\n\n\n\n<p><strong>La utilizaci\u00f3n de cualquiera de nuestros servicios,&nbsp;&nbsp;&nbsp;<\/strong><\/p>\n\n\n\n<p><strong>Se considera como aceptaci\u00f3n de los t\u00e9rminos de esta Pol\u00edtica de Privacidad y L\u00edmite de Responsabilidad, &nbsp; &nbsp; por parte del Usuario.<\/strong><\/p>\n\n\n\n<p><strong>Los usuarios deben ser mayores de edad as\u00ed como lo son sus consultores, al iniciar su consulta en vivo con La Hechicera del Amor<\/strong><strong> <\/strong><strong>en l\u00ednea, usted acepta que tiene 21 a\u00f1os o mas y que tiene la capacidad Jur\u00eddica para utilizar y contratar sitios web<\/strong><\/p>\n\n\n\n<p><strong>Entienda que la consulta en vivo no tiene ning\u00fan costo, ni la llamada tampoco, solo los gastos de su operador<\/strong><strong>; si una vez realizada la consulta; usted se encuentra interesad@ en alg\u00fan Trabajo o producto Espiritual que necesita, si lo ordena esta aceptando que as\u00ed lo desea y lo paga porque <\/strong><strong>tiene FE<\/strong><strong>, en estas Practicas y Creencias Religiosas Espirituales Ancestrales&nbsp; y esta totalmente de acuerdo con el trabajo, las practicas del mismo, el costo y que por consiguiente asume la obligacion de respetar su contenido, politica de privacidad y todas las clausulas de exencion de responsabilidad que figuran en el mismo y admite haber leido y entendido estos <\/strong><strong>T\u00e9rminos y Condicciones,&nbsp; <\/strong><strong>ya que de acuerdo con las legislaciones vigentes, se establece que las&nbsp; predicciones, videncias ps\u00edquicas, lectura de cartas y hechizos, solo tienen fines de entretenimiento y&nbsp; &nbsp; &nbsp; ayuda personal, sin ningun sustento tecnico ni cientifico; por lo cual ningun trabajo se garantiza 100% y los resultados varian, dependiendo en un alto porcentaje de acuerdo a cada persona y a su FE <\/strong>en estas practicas y creencias Religiosas Espirituales Ancestrales, que estan protegidas por la legislacion internacional (Religious Freedom Restoration Act of 1993 and the International Religious Freedom Act of 1998 (H.R.2431)). <strong>\u201cPor lo tanto, si usted, que esta leyendo, no tiene FE en estas practicas y&nbsp; creencias, Religiosas, Espirituales, Ancestrales, abandone este sitio web; por favor\u201d.<\/strong><\/p>\n\n\n\n<p>Ademas de que<strong> los servicios que se ofrecen en este sitio web, no sustituye la atenci\u00f3n m\u00e9dica, psicol\u00f3gica, psiqui\u00e1trica, legal o financiera &nbsp; &nbsp; que necesite el interesado.<\/strong><\/p>\n\n\n\n<p><strong>Limites&nbsp; de Responsabilidad<\/strong><\/p>\n\n\n\n<p><strong>Usted comprende, y acepta que est\u00e1 completamente de acuerdo con&nbsp; https:\/\/lahechiceradelamor.com\/&nbsp; desde el momento en que se contacto, y que ni ella, ni sus asesores espirituales, ni ninguna empresa afiliada o subsidiaria ser\u00e1 responsable por cualquier tipo de p\u00e9rdidas, reclamos, gastos o da\u00f1os relacionados con los <\/strong><strong>T\u00e9rminos y Condiciones<\/strong><strong>, ni por su inhabilidad para usar este sitio web, ni por la forma en que usted utilice la informaci\u00f3n obtenida, ya sea en vivo y directo o por los textos, videos o grabaciones que ac\u00e1 se encuentran, o las respuestas a sus consultas por correo electr\u00f3nico o Chat, ni por cualquier tipo de informaci\u00f3n derivada de nuestros servicios o productos que ofrecemos en esta p\u00e1gina web.<\/strong><\/p>\n\n\n\n<p><strong>El costo de los trabajos var\u00eda, empezando desde $340&nbsp; En adelante<\/strong><\/p>\n\n\n\n<p><strong>El pago que se acuerde ser\u00e1 procesado, a trav\u00e9s de Dep\u00f3sito o transferencia bancaria<\/strong><\/p>\n\n\n\n<p><strong>No se devuelve Dinero en ning\u00fan caso, teniendo en cuenta que los productos utilizados en los trabajos son&nbsp;<\/strong><\/p>\n\n\n\n<p><strong>Perecederos e irrecuperables al igual que el tiempo de<\/strong> la Hechicera y guia Espiritual<\/p>","protected":false},"excerpt":{"rendered":"<p>TERMINOS Y CONDICIONES Lea las pol\u00edticas del sitio, antes de solicitar alg\u00fan producto o trabajo espiritual No recolectamos informaci\u00f3n financiera ni n\u00fameros de identificaci\u00f3n personal, los datos solicitados ser\u00e1n su nombre, el de la persona a quien se trabaja y el de un familiar o amigo fallecido, para uso dentro de su Trabajo Espiritual. Los [&hellip;]<\/p>\n","protected":false},"author":1,"featured_media":0,"parent":0,"menu_order":0,"comment_status":"closed","ping_status":"closed","template":"","meta":{"_et_pb_use_builder":"off","_et_pb_old_content":"","_et_gb_content_width":"","_mbp_gutenberg_autopost":false,"footnotes":""},"class_list":["post-1520","page","type-page","status-publish","hentry"],"yoast_head":"<!-- This site is optimized with the Yoast SEO plugin v27.3 - https:\/\/yoast.com\/product\/yoast-seo-wordpress\/ -->\n<title>TERMINOS Y CONDICIONES - Encantamientos y Hechizos para transformar tu vida amorosa.<\/title>\n<meta name=\"robots\" content=\"index, follow, max-snippet:-1, max-image-preview:large, max-video-preview:-1\" \/>\n<link rel=\"canonical\" href=\"https:\/\/lahechiceradelamor.com\/en\/terminos-y-condiciones\/\" \/>\n<meta property=\"og:locale\" content=\"en_US\" \/>\n<meta property=\"og:type\" content=\"article\" \/>\n<meta property=\"og:title\" content=\"TERMINOS Y CONDICIONES - Encantamientos y Hechizos para transformar tu vida amorosa.\" \/>\n<meta property=\"og:description\" content=\"TERMINOS Y CONDICIONES Lea las pol\u00edticas del sitio, antes de solicitar alg\u00fan producto o trabajo espiritual No recolectamos informaci\u00f3n financiera ni n\u00fameros de identificaci\u00f3n personal, los datos solicitados ser\u00e1n su nombre, el de la persona a quien se trabaja y el de un familiar o amigo fallecido, para uso dentro de su Trabajo Espiritual. Los [&hellip;]\" \/>\n<meta property=\"og:url\" content=\"https:\/\/lahechiceradelamor.com\/en\/terminos-y-condiciones\/\" \/>\n<meta property=\"og:site_name\" content=\"La Hechicera del Amor\" \/>\n<meta property=\"article:publisher\" content=\"https:\/\/www.facebook.com\/salomelahechicera?mibextid=LQQJ4d\" \/>\n<meta property=\"article:modified_time\" content=\"2024-08-29T16:21:49+00:00\" \/>\n<meta property=\"og:image\" content=\"https:\/\/lahechiceradelamor.com\/wp-content\/uploads\/2024\/04\/Diseno-sin-titulo-2-1.png\" \/>\n\t<meta property=\"og:image:width\" content=\"1200\" \/>\n\t<meta property=\"og:image:height\" content=\"675\" \/>\n\t<meta property=\"og:image:type\" content=\"image\/png\" \/>\n<meta name=\"twitter:card\" content=\"summary_large_image\" \/>\n<meta name=\"twitter:site\" content=\"@lahechicera777\" \/>\n<meta name=\"twitter:label1\" content=\"Est. reading time\" \/>\n\t<meta name=\"twitter:data1\" content=\"3 minutes\" \/>\n<script type=\"application\/ld+json\" class=\"yoast-schema-graph\">{\"@context\":\"https:\\\/\\\/schema.org\",\"@graph\":[{\"@type\":\"WebPage\",\"@id\":\"https:\\\/\\\/lahechiceradelamor.com\\\/terminos-y-condiciones\\\/\",\"url\":\"https:\\\/\\\/lahechiceradelamor.com\\\/terminos-y-condiciones\\\/\",\"name\":\"TERMINOS Y CONDICIONES - Encantamientos y Hechizos para transformar tu vida amorosa.\",\"isPartOf\":{\"@id\":\"https:\\\/\\\/lahechiceradelamor.com\\\/#website\"},\"datePublished\":\"2024-08-29T16:21:48+00:00\",\"dateModified\":\"2024-08-29T16:21:49+00:00\",\"breadcrumb\":{\"@id\":\"https:\\\/\\\/lahechiceradelamor.com\\\/terminos-y-condiciones\\\/#breadcrumb\"},\"inLanguage\":\"en-US\",\"potentialAction\":[{\"@type\":\"ReadAction\",\"target\":[\"https:\\\/\\\/lahechiceradelamor.com\\\/terminos-y-condiciones\\\/\"]}]},{\"@type\":\"BreadcrumbList\",\"@id\":\"https:\\\/\\\/lahechiceradelamor.com\\\/terminos-y-condiciones\\\/#breadcrumb\",\"itemListElement\":[{\"@type\":\"ListItem\",\"position\":1,\"name\":\"Home\",\"item\":\"https:\\\/\\\/lahechiceradelamor.com\\\/\"},{\"@type\":\"ListItem\",\"position\":2,\"name\":\"TERMINOS Y CONDICIONES\"}]},{\"@type\":\"WebSite\",\"@id\":\"https:\\\/\\\/lahechiceradelamor.com\\\/#website\",\"url\":\"https:\\\/\\\/lahechiceradelamor.com\\\/\",\"name\":\"La Hechicera del Amor\",\"description\":\"Encantamientos y Hechizos para transformar tu vida amorosa.\",\"publisher\":{\"@id\":\"https:\\\/\\\/lahechiceradelamor.com\\\/#\\\/schema\\\/person\\\/8d702804eabfc5abdf39d6fecbeabd4e\"},\"alternateName\":\"La Hechicera del Amor\",\"potentialAction\":[{\"@type\":\"SearchAction\",\"target\":{\"@type\":\"EntryPoint\",\"urlTemplate\":\"https:\\\/\\\/lahechiceradelamor.com\\\/?s={search_term_string}\"},\"query-input\":{\"@type\":\"PropertyValueSpecification\",\"valueRequired\":true,\"valueName\":\"search_term_string\"}}],\"inLanguage\":\"en-US\"},{\"@type\":[\"Person\",\"Organization\"],\"@id\":\"https:\\\/\\\/lahechiceradelamor.com\\\/#\\\/schema\\\/person\\\/8d702804eabfc5abdf39d6fecbeabd4e\",\"name\":\"La Hechicera del Amor\",\"image\":{\"@type\":\"ImageObject\",\"inLanguage\":\"en-US\",\"@id\":\"https:\\\/\\\/lahechiceradelamor.com\\\/wp-content\\\/uploads\\\/2024\\\/04\\\/Logo-Florista-Circular-Blanco-Negro-1.png\",\"url\":\"https:\\\/\\\/lahechiceradelamor.com\\\/wp-content\\\/uploads\\\/2024\\\/04\\\/Logo-Florista-Circular-Blanco-Negro-1.png\",\"contentUrl\":\"https:\\\/\\\/lahechiceradelamor.com\\\/wp-content\\\/uploads\\\/2024\\\/04\\\/Logo-Florista-Circular-Blanco-Negro-1.png\",\"width\":500,\"height\":500,\"caption\":\"La Hechicera del Amor\"},\"logo\":{\"@id\":\"https:\\\/\\\/lahechiceradelamor.com\\\/wp-content\\\/uploads\\\/2024\\\/04\\\/Logo-Florista-Circular-Blanco-Negro-1.png\"},\"description\":\"Mi pasi\u00f3n es desvelar los misterios del coraz\u00f3n y encender la chispa del amor verdadero en cada alma. Con cada hechizo y consejo, te guiar\u00e9 en un viaje m\u00e1gico hacia el encuentro de tu destino amoroso. \u00danete a mi comunidad \u201cLa Hechicera del Amor\u201d y descubre el poder transformador de la magia y el amor. Que nuestras energ\u00edas se entrelacen en este camino de luz y pasi\u00f3n. \u00a1Que la magia del amor ilumine tu sendero y haga latir tu coraz\u00f3n con intensidad!\",\"sameAs\":[\"https:\\\/\\\/lahechiceradelamor.com\",\"https:\\\/\\\/www.facebook.com\\\/salomelahechicera?mibextid=LQQJ4d\",\"https:\\\/\\\/www.instagram.com\\\/lahechiceradelamor\",\"https:\\\/\\\/x.com\\\/https:\\\/\\\/twitter.com\\\/lahechicera777\",\"https:\\\/\\\/www.youtube.com\\\/@lahechiceradelamor\"]}]}<\/script>\n<!-- \/ Yoast SEO plugin. -->","yoast_head_json":{"title":"TERMINOS Y CONDICIONES - Encantamientos y Hechizos para transformar tu vida amorosa.","robots":{"index":"index","follow":"follow","max-snippet":"max-snippet:-1","max-image-preview":"max-image-preview:large","max-video-preview":"max-video-preview:-1"},"canonical":"https:\/\/lahechiceradelamor.com\/en\/terminos-y-condiciones\/","og_locale":"en_US","og_type":"article","og_title":"TERMINOS Y CONDICIONES - Encantamientos y Hechizos para transformar tu vida amorosa.","og_description":"TERMINOS Y CONDICIONES Lea las pol\u00edticas del sitio, antes de solicitar alg\u00fan producto o trabajo espiritual No recolectamos informaci\u00f3n financiera ni n\u00fameros de identificaci\u00f3n personal, los datos solicitados ser\u00e1n su nombre, el de la persona a quien se trabaja y el de un familiar o amigo fallecido, para uso dentro de su Trabajo Espiritual. Los [&hellip;]","og_url":"https:\/\/lahechiceradelamor.com\/en\/terminos-y-condiciones\/","og_site_name":"La Hechicera del Amor","article_publisher":"https:\/\/www.facebook.com\/salomelahechicera?mibextid=LQQJ4d","article_modified_time":"2024-08-29T16:21:49+00:00","og_image":[{"width":1200,"height":675,"url":"https:\/\/lahechiceradelamor.com\/wp-content\/uploads\/2024\/04\/Diseno-sin-titulo-2-1.png","type":"image\/png"}],"twitter_card":"summary_large_image","twitter_site":"@lahechicera777","twitter_misc":{"Est. reading time":"3 minutes"},"schema":{"@context":"https:\/\/schema.org","@graph":[{"@type":"WebPage","@id":"https:\/\/lahechiceradelamor.com\/terminos-y-condiciones\/","url":"https:\/\/lahechiceradelamor.com\/terminos-y-condiciones\/","name":"TERMINOS Y CONDICIONES - Encantamientos y Hechizos para transformar tu vida amorosa.","isPartOf":{"@id":"https:\/\/lahechiceradelamor.com\/#website"},"datePublished":"2024-08-29T16:21:48+00:00","dateModified":"2024-08-29T16:21:49+00:00","breadcrumb":{"@id":"https:\/\/lahechiceradelamor.com\/terminos-y-condiciones\/#breadcrumb"},"inLanguage":"en-US","potentialAction":[{"@type":"ReadAction","target":["https:\/\/lahechiceradelamor.com\/terminos-y-condiciones\/"]}]},{"@type":"BreadcrumbList","@id":"https:\/\/lahechiceradelamor.com\/terminos-y-condiciones\/#breadcrumb","itemListElement":[{"@type":"ListItem","position":1,"name":"Home","item":"https:\/\/lahechiceradelamor.com\/"},{"@type":"ListItem","position":2,"name":"TERMINOS Y CONDICIONES"}]},{"@type":"WebSite","@id":"https:\/\/lahechiceradelamor.com\/#website","url":"https:\/\/lahechiceradelamor.com\/","name":"La Hechicera del Amor","description":"Encantamientos y Hechizos para transformar tu vida amorosa.","publisher":{"@id":"https:\/\/lahechiceradelamor.com\/#\/schema\/person\/8d702804eabfc5abdf39d6fecbeabd4e"},"alternateName":"La Hechicera del Amor","potentialAction":[{"@type":"SearchAction","target":{"@type":"EntryPoint","urlTemplate":"https:\/\/lahechiceradelamor.com\/?s={search_term_string}"},"query-input":{"@type":"PropertyValueSpecification","valueRequired":true,"valueName":"search_term_string"}}],"inLanguage":"en-US"},{"@type":["Person","Organization"],"@id":"https:\/\/lahechiceradelamor.com\/#\/schema\/person\/8d702804eabfc5abdf39d6fecbeabd4e","name":"La Hechicera del Amor","image":{"@type":"ImageObject","inLanguage":"en-US","@id":"https:\/\/lahechiceradelamor.com\/wp-content\/uploads\/2024\/04\/Logo-Florista-Circular-Blanco-Negro-1.png","url":"https:\/\/lahechiceradelamor.com\/wp-content\/uploads\/2024\/04\/Logo-Florista-Circular-Blanco-Negro-1.png","contentUrl":"https:\/\/lahechiceradelamor.com\/wp-content\/uploads\/2024\/04\/Logo-Florista-Circular-Blanco-Negro-1.png","width":500,"height":500,"caption":"La Hechicera del Amor"},"logo":{"@id":"https:\/\/lahechiceradelamor.com\/wp-content\/uploads\/2024\/04\/Logo-Florista-Circular-Blanco-Negro-1.png"},"description":"Mi pasi\u00f3n es desvelar los misterios del coraz\u00f3n y encender la chispa del amor verdadero en cada alma. Con cada hechizo y consejo, te guiar\u00e9 en un viaje m\u00e1gico hacia el encuentro de tu destino amoroso. \u00danete a mi comunidad \u201cLa Hechicera del Amor\u201d y descubre el poder transformador de la magia y el amor. Que nuestras energ\u00edas se entrelacen en este camino de luz y pasi\u00f3n. \u00a1Que la magia del amor ilumine tu sendero y haga latir tu coraz\u00f3n con intensidad!","sameAs":["https:\/\/lahechiceradelamor.com","https:\/\/www.facebook.com\/salomelahechicera?mibextid=LQQJ4d","https:\/\/www.instagram.com\/lahechiceradelamor","https:\/\/x.com\/https:\/\/twitter.com\/lahechicera777","https:\/\/www.youtube.com\/@lahechiceradelamor"]}]}},"_hostinger_reach_plugin_has_subscription_block":false,"_hostinger_reach_plugin_is_elementor":false,"_links":{"self":[{"href":"https:\/\/lahechiceradelamor.com\/en\/wp-json\/wp\/v2\/pages\/1520","targetHints":{"allow":["GET"]}}],"collection":[{"href":"https:\/\/lahechiceradelamor.com\/en\/wp-json\/wp\/v2\/pages"}],"about":[{"href":"https:\/\/lahechiceradelamor.com\/en\/wp-json\/wp\/v2\/types\/page"}],"author":[{"embeddable":true,"href":"https:\/\/lahechiceradelamor.com\/en\/wp-json\/wp\/v2\/users\/1"}],"replies":[{"embeddable":true,"href":"https:\/\/lahechiceradelamor.com\/en\/wp-json\/wp\/v2\/comments?post=1520"}],"version-history":[{"count":1,"href":"https:\/\/lahechiceradelamor.com\/en\/wp-json\/wp\/v2\/pages\/1520\/revisions"}],"predecessor-version":[{"id":1521,"href":"https:\/\/lahechiceradelamor.com\/en\/wp-json\/wp\/v2\/pages\/1520\/revisions\/1521"}],"wp:attachment":[{"href":"https:\/\/lahechiceradelamor.com\/en\/wp-json\/wp\/v2\/media?parent=1520"}],"curies":[{"name":"wp","href":"https:\/\/api.w.org\/{rel}","templated":true}]}}