{"id":314,"date":"2023-11-15T00:42:15","date_gmt":"2023-11-15T00:42:15","guid":{"rendered":"https:\/\/lahechiceradelamor.com\/shop\/"},"modified":"2025-07-10T23:37:51","modified_gmt":"2025-07-10T23:37:51","slug":"tienda-esoterica","status":"publish","type":"page","link":"https:\/\/lahechiceradelamor.com\/en\/tienda-esoterica\/","title":{"rendered":"tienda esoterica"},"content":{"rendered":"\n[et_pb_section fb_built=\u00bb1&#8243; _builder_version=\u00bb4.25.0&#8243; _module_preset=\u00bbdefault\u00bb background_color=\u00bb#050A30&#8243; global_colors_info=\u00bb{}\u00bb][et_pb_row _builder_version=\u00bb4.25.0&#8243; _module_preset=\u00bbdefault\u00bb custom_padding=\u00bb||13px|||\u00bb global_colors_info=\u00bb{}\u00bb][et_pb_column type=\u00bb4_4&#8243; _builder_version=\u00bb4.25.0&#8243; _module_preset=\u00bbdefault\u00bb global_colors_info=\u00bb{}\u00bb][et_pb_shop posts_number=\u00bb60&#8243; orderby=\u00bbmenu_order\u00bb sale_badge_color=\u00bb#191970&#8243; _builder_version=\u00bb4.27.0&#8243; _module_preset=\u00bbdefault\u00bb sale_badge_text_color=\u00bb#ffa801&#8243; hover_enabled=\u00bb0&#8243; border_color_all_image=\u00bb#FFA801&#8243; box_shadow_style_image=\u00bbpreset2&#8243; box_shadow_color_image=\u00bb#FFA801&#8243; global_colors_info=\u00bb{}\u00bb title_text_color=\u00bb#ffffff\u00bb price_text_color=\u00bb#FFA801&#8243; sticky_enabled=\u00bb0&#8243;][\/et_pb_shop][\/et_pb_column][\/et_pb_row][\/et_pb_section][et_pb_section fb_built=\u00bb1&#8243; _builder_version=\u00bb4.25.0&#8243; _module_preset=\u00bbdefault\u00bb background_color=\u00bb#050A30&#8243; global_colors_info=\u00bb{}\u00bb][et_pb_row column_structure=\u00bb1_2,1_2&#8243; _builder_version=\u00bb4.25.0&#8243; _module_preset=\u00bbdefault\u00bb global_colors_info=\u00bb{}\u00bb][et_pb_column type=\u00bb1_2&#8243; _builder_version=\u00bb4.25.0&#8243; _module_preset=\u00bbdefault\u00bb global_colors_info=\u00bb{}\u00bb][et_pb_image src=\u00bbhttps:\/\/lahechiceradelamor.com\/wp-content\/uploads\/2024\/05\/9-1.png\u00bb alt=\u00bbel blog de la hechicera del amor\u00bb title_text=\u00bbel blog de la hechicera del amor\u00bb _builder_version=\u00bb4.25.1&#8243; _module_preset=\u00bbdefault\u00bb scroll_vertical_motion_enable=\u00bbon\u00bb scroll_vertical_motion=\u00bb0|50|50|100|2.5|0|-1.5&#8243; global_colors_info=\u00bb{}\u00bb][\/et_pb_image][\/et_pb_column][et_pb_column type=\u00bb1_2&#8243; _builder_version=\u00bb4.25.0&#8243; _module_preset=\u00bbdefault\u00bb global_colors_info=\u00bb{}\u00bb][et_pb_signup provider=\u00bbgetresponse\u00bb getresponse_list=\u00bbapi|k7ZL5&#8243; title=\u00bb \u00a1Explora tu energ\u00eda con descuentos m\u00e1gicos!\u00bb button_text=\u00bbquiero el descuento\u00bb description=\u00bb<p style=%22text-align: left;%22>\ud83d\udde1\ufe0f 30% de descuento en tu primera compra de productos esotericos.<\/p>\n<p style=%22text-align: left;%22>\ud83d\udddd\ufe0f 15% de descuento en todos los rituales personalizados.<\/p>\n<p style=%22text-align: left;%22>\ud83d\udd2e Compra una lectura del tarot y recibe un 50% de descuento en una lectura del aura<\/p>\n<p style=%22text-align: left;%22>\ud83c\udf19 Hechizos de amor y protecci\u00f3n con un 20% de descuento.<\/p>\u00bb _builder_version=\u00bb4.27.0&#8243; _module_preset=\u00bbdefault\u00bb form_field_background_color=\u00bb#390100&#8243; form_field_text_color=\u00bb#FFA801&#8243; form_field_focus_background_color=\u00bb#390100&#8243; header_text_color=\u00bb#FFA801&#8243; background_color=\u00bb#050A30&#8243; custom_button=\u00bbon\u00bb button_text_color=\u00bb#FFA801&#8243; header_text_shadow_style=\u00bbpreset3&#8243; header_text_shadow_color=\u00bb#FFA801&#8243; form_field_text_shadow_style=\u00bbpreset3&#8243; form_field_text_shadow_color=\u00bb#FFA801&#8243; button_text_shadow_style=\u00bbpreset3&#8243; button_text_shadow_color=\u00bb#FFA801&#8243; locked=\u00bboff\u00bb global_colors_info=\u00bb{}\u00bb][\/et_pb_signup][\/et_pb_column][\/et_pb_row][\/et_pb_section][et_pb_section fb_built=\u00bb1&#8243; _builder_version=\u00bb4.25.0&#8243; _module_preset=\u00bbdefault\u00bb background_color=\u00bb#050A30&#8243; global_colors_info=\u00bb{}\u00bb][et_pb_row _builder_version=\u00bb4.25.0&#8243; _module_preset=\u00bbdefault\u00bb global_colors_info=\u00bb{}\u00bb][et_pb_column type=\u00bb4_4&#8243; _builder_version=\u00bb4.25.0&#8243; _module_preset=\u00bbdefault\u00bb global_colors_info=\u00bb{}\u00bb][et_pb_blog posts_number=\u00bb3&#8243; _builder_version=\u00bb4.25.0&#8243; _module_preset=\u00bbdefault\u00bb header_text_color=\u00bb#FFA801&#8243; body_font=\u00bbAntic Didone||||||||\u00bb body_text_color=\u00bb#ffffff\u00bb header_text_shadow_style=\u00bbpreset3&#8243; header_text_shadow_color=\u00bb#FFA801&#8243; global_colors_info=\u00bb{}\u00bb][\/et_pb_blog][et_pb_text _builder_version=\u00bb4.25.0&#8243; _module_preset=\u00bbdefault\u00bb text_text_color=\u00bb#FFA801&#8243; link_option_url=\u00bbhttps:\/\/lahechiceradelamor.com\/blog-encantado\/\u00bb link_option_url_new_window=\u00bbon\u00bb text_text_shadow_style=\u00bbpreset3&#8243; text_text_shadow_color=\u00bb#FFA801&#8243; global_colors_info=\u00bb{}\u00bb]<p>ver mas hechizos<\/p>[\/et_pb_text][\/et_pb_column][\/et_pb_row][\/et_pb_section][et_pb_section fb_built=\u00bb1&#8243; fullwidth=\u00bbon\u00bb _builder_version=\u00bb4.25.0&#8243; _module_preset=\u00bbdefault\u00bb global_colors_info=\u00bb{}\u00bb][et_pb_fullwidth_image src=\u00bbhttps:\/\/lahechiceradelamor.com\/wp-content\/uploads\/2023\/11\/6-min-1.png\u00bb alt=\u00bbblog la hechicera del amor\u00bb title_text=\u00bbla hechicera del amor\u00bb _builder_version=\u00bb4.25.0&#8243; _module_preset=\u00bbdefault\u00bb global_colors_info=\u00bb{}\u00bb][\/et_pb_fullwidth_image][\/et_pb_section]\n","protected":false},"excerpt":{"rendered":"<p>ver mas hechizos<\/p>","protected":false},"author":1,"featured_media":0,"parent":0,"menu_order":0,"comment_status":"closed","ping_status":"closed","template":"","meta":{"_et_pb_use_builder":"on","_et_pb_old_content":"","_et_gb_content_width":"","_mbp_gutenberg_autopost":false,"footnotes":""},"class_list":["post-314","page","type-page","status-publish","hentry"],"yoast_head":"<!-- This site is optimized with the Yoast SEO plugin v27.3 - https:\/\/yoast.com\/product\/yoast-seo-wordpress\/ -->\n<title>tienda esoterica - Encantamientos y Hechizos para transformar tu vida amorosa.<\/title>\n<meta name=\"robots\" content=\"index, follow, max-snippet:-1, max-image-preview:large, max-video-preview:-1\" \/>\n<link rel=\"canonical\" href=\"https:\/\/lahechiceradelamor.com\/en\/tienda-esoterica\/\" \/>\n<meta property=\"og:locale\" content=\"en_US\" \/>\n<meta property=\"og:type\" content=\"article\" \/>\n<meta property=\"og:title\" content=\"tienda esoterica - Encantamientos y Hechizos para transformar tu vida amorosa.\" \/>\n<meta property=\"og:description\" content=\"ver mas hechizos\" \/>\n<meta property=\"og:url\" content=\"https:\/\/lahechiceradelamor.com\/en\/tienda-esoterica\/\" \/>\n<meta property=\"og:site_name\" content=\"La Hechicera del Amor\" \/>\n<meta property=\"article:publisher\" content=\"https:\/\/www.facebook.com\/salomelahechicera?mibextid=LQQJ4d\" \/>\n<meta property=\"article:modified_time\" content=\"2025-07-10T23:37:51+00:00\" \/>\n<meta property=\"og:image\" content=\"https:\/\/lahechiceradelamor.com\/wp-content\/uploads\/2024\/04\/Diseno-sin-titulo-2-1.png\" \/>\n\t<meta property=\"og:image:width\" content=\"1200\" \/>\n\t<meta property=\"og:image:height\" content=\"675\" \/>\n\t<meta property=\"og:image:type\" content=\"image\/png\" \/>\n<meta name=\"twitter:card\" content=\"summary_large_image\" \/>\n<meta name=\"twitter:site\" content=\"@lahechicera777\" \/>\n<meta name=\"twitter:label1\" content=\"Est. reading time\" \/>\n\t<meta name=\"twitter:data1\" content=\"20 minutes\" \/>\n<script type=\"application\/ld+json\" class=\"yoast-schema-graph\">{\"@context\":\"https:\\\/\\\/schema.org\",\"@graph\":[{\"@type\":\"WebPage\",\"@id\":\"https:\\\/\\\/lahechiceradelamor.com\\\/tienda-esoterica\\\/\",\"url\":\"https:\\\/\\\/lahechiceradelamor.com\\\/tienda-esoterica\\\/\",\"name\":\"tienda esoterica - Encantamientos y Hechizos para transformar tu vida amorosa.\",\"isPartOf\":{\"@id\":\"https:\\\/\\\/lahechiceradelamor.com\\\/#website\"},\"datePublished\":\"2023-11-15T00:42:15+00:00\",\"dateModified\":\"2025-07-10T23:37:51+00:00\",\"breadcrumb\":{\"@id\":\"https:\\\/\\\/lahechiceradelamor.com\\\/tienda-esoterica\\\/#breadcrumb\"},\"inLanguage\":\"en-US\",\"potentialAction\":[{\"@type\":\"ReadAction\",\"target\":[\"https:\\\/\\\/lahechiceradelamor.com\\\/tienda-esoterica\\\/\"]}]},{\"@type\":\"BreadcrumbList\",\"@id\":\"https:\\\/\\\/lahechiceradelamor.com\\\/tienda-esoterica\\\/#breadcrumb\",\"itemListElement\":[{\"@type\":\"ListItem\",\"position\":1,\"name\":\"Home\",\"item\":\"https:\\\/\\\/lahechiceradelamor.com\\\/\"},{\"@type\":\"ListItem\",\"position\":2,\"name\":\"tienda esoterica\"}]},{\"@type\":\"WebSite\",\"@id\":\"https:\\\/\\\/lahechiceradelamor.com\\\/#website\",\"url\":\"https:\\\/\\\/lahechiceradelamor.com\\\/\",\"name\":\"La Hechicera del Amor\",\"description\":\"Encantamientos y Hechizos para transformar tu vida amorosa.\",\"publisher\":{\"@id\":\"https:\\\/\\\/lahechiceradelamor.com\\\/#\\\/schema\\\/person\\\/8d702804eabfc5abdf39d6fecbeabd4e\"},\"alternateName\":\"La Hechicera del Amor\",\"potentialAction\":[{\"@type\":\"SearchAction\",\"target\":{\"@type\":\"EntryPoint\",\"urlTemplate\":\"https:\\\/\\\/lahechiceradelamor.com\\\/?s={search_term_string}\"},\"query-input\":{\"@type\":\"PropertyValueSpecification\",\"valueRequired\":true,\"valueName\":\"search_term_string\"}}],\"inLanguage\":\"en-US\"},{\"@type\":[\"Person\",\"Organization\"],\"@id\":\"https:\\\/\\\/lahechiceradelamor.com\\\/#\\\/schema\\\/person\\\/8d702804eabfc5abdf39d6fecbeabd4e\",\"name\":\"La Hechicera del Amor\",\"image\":{\"@type\":\"ImageObject\",\"inLanguage\":\"en-US\",\"@id\":\"https:\\\/\\\/lahechiceradelamor.com\\\/wp-content\\\/uploads\\\/2024\\\/04\\\/Logo-Florista-Circular-Blanco-Negro-1.png\",\"url\":\"https:\\\/\\\/lahechiceradelamor.com\\\/wp-content\\\/uploads\\\/2024\\\/04\\\/Logo-Florista-Circular-Blanco-Negro-1.png\",\"contentUrl\":\"https:\\\/\\\/lahechiceradelamor.com\\\/wp-content\\\/uploads\\\/2024\\\/04\\\/Logo-Florista-Circular-Blanco-Negro-1.png\",\"width\":500,\"height\":500,\"caption\":\"La Hechicera del Amor\"},\"logo\":{\"@id\":\"https:\\\/\\\/lahechiceradelamor.com\\\/wp-content\\\/uploads\\\/2024\\\/04\\\/Logo-Florista-Circular-Blanco-Negro-1.png\"},\"description\":\"Mi pasi\u00f3n es desvelar los misterios del coraz\u00f3n y encender la chispa del amor verdadero en cada alma. Con cada hechizo y consejo, te guiar\u00e9 en un viaje m\u00e1gico hacia el encuentro de tu destino amoroso. \u00danete a mi comunidad \u201cLa Hechicera del Amor\u201d y descubre el poder transformador de la magia y el amor. Que nuestras energ\u00edas se entrelacen en este camino de luz y pasi\u00f3n. \u00a1Que la magia del amor ilumine tu sendero y haga latir tu coraz\u00f3n con intensidad!\",\"sameAs\":[\"https:\\\/\\\/lahechiceradelamor.com\",\"https:\\\/\\\/www.facebook.com\\\/salomelahechicera?mibextid=LQQJ4d\",\"https:\\\/\\\/www.instagram.com\\\/lahechiceradelamor\",\"https:\\\/\\\/x.com\\\/https:\\\/\\\/twitter.com\\\/lahechicera777\",\"https:\\\/\\\/www.youtube.com\\\/@lahechiceradelamor\"]}]}<\/script>\n<!-- \/ Yoast SEO plugin. -->","yoast_head_json":{"title":"tienda esoterica - Encantamientos y Hechizos para transformar tu vida amorosa.","robots":{"index":"index","follow":"follow","max-snippet":"max-snippet:-1","max-image-preview":"max-image-preview:large","max-video-preview":"max-video-preview:-1"},"canonical":"https:\/\/lahechiceradelamor.com\/en\/tienda-esoterica\/","og_locale":"en_US","og_type":"article","og_title":"tienda esoterica - Encantamientos y Hechizos para transformar tu vida amorosa.","og_description":"ver mas hechizos","og_url":"https:\/\/lahechiceradelamor.com\/en\/tienda-esoterica\/","og_site_name":"La Hechicera del Amor","article_publisher":"https:\/\/www.facebook.com\/salomelahechicera?mibextid=LQQJ4d","article_modified_time":"2025-07-10T23:37:51+00:00","og_image":[{"width":1200,"height":675,"url":"https:\/\/lahechiceradelamor.com\/wp-content\/uploads\/2024\/04\/Diseno-sin-titulo-2-1.png","type":"image\/png"}],"twitter_card":"summary_large_image","twitter_site":"@lahechicera777","twitter_misc":{"Est. reading time":"20 minutes"},"schema":{"@context":"https:\/\/schema.org","@graph":[{"@type":"WebPage","@id":"https:\/\/lahechiceradelamor.com\/tienda-esoterica\/","url":"https:\/\/lahechiceradelamor.com\/tienda-esoterica\/","name":"tienda esoterica - Encantamientos y Hechizos para transformar tu vida amorosa.","isPartOf":{"@id":"https:\/\/lahechiceradelamor.com\/#website"},"datePublished":"2023-11-15T00:42:15+00:00","dateModified":"2025-07-10T23:37:51+00:00","breadcrumb":{"@id":"https:\/\/lahechiceradelamor.com\/tienda-esoterica\/#breadcrumb"},"inLanguage":"en-US","potentialAction":[{"@type":"ReadAction","target":["https:\/\/lahechiceradelamor.com\/tienda-esoterica\/"]}]},{"@type":"BreadcrumbList","@id":"https:\/\/lahechiceradelamor.com\/tienda-esoterica\/#breadcrumb","itemListElement":[{"@type":"ListItem","position":1,"name":"Home","item":"https:\/\/lahechiceradelamor.com\/"},{"@type":"ListItem","position":2,"name":"tienda esoterica"}]},{"@type":"WebSite","@id":"https:\/\/lahechiceradelamor.com\/#website","url":"https:\/\/lahechiceradelamor.com\/","name":"La Hechicera del Amor","description":"Encantamientos y Hechizos para transformar tu vida amorosa.","publisher":{"@id":"https:\/\/lahechiceradelamor.com\/#\/schema\/person\/8d702804eabfc5abdf39d6fecbeabd4e"},"alternateName":"La Hechicera del Amor","potentialAction":[{"@type":"SearchAction","target":{"@type":"EntryPoint","urlTemplate":"https:\/\/lahechiceradelamor.com\/?s={search_term_string}"},"query-input":{"@type":"PropertyValueSpecification","valueRequired":true,"valueName":"search_term_string"}}],"inLanguage":"en-US"},{"@type":["Person","Organization"],"@id":"https:\/\/lahechiceradelamor.com\/#\/schema\/person\/8d702804eabfc5abdf39d6fecbeabd4e","name":"La Hechicera del Amor","image":{"@type":"ImageObject","inLanguage":"en-US","@id":"https:\/\/lahechiceradelamor.com\/wp-content\/uploads\/2024\/04\/Logo-Florista-Circular-Blanco-Negro-1.png","url":"https:\/\/lahechiceradelamor.com\/wp-content\/uploads\/2024\/04\/Logo-Florista-Circular-Blanco-Negro-1.png","contentUrl":"https:\/\/lahechiceradelamor.com\/wp-content\/uploads\/2024\/04\/Logo-Florista-Circular-Blanco-Negro-1.png","width":500,"height":500,"caption":"La Hechicera del Amor"},"logo":{"@id":"https:\/\/lahechiceradelamor.com\/wp-content\/uploads\/2024\/04\/Logo-Florista-Circular-Blanco-Negro-1.png"},"description":"Mi pasi\u00f3n es desvelar los misterios del coraz\u00f3n y encender la chispa del amor verdadero en cada alma. Con cada hechizo y consejo, te guiar\u00e9 en un viaje m\u00e1gico hacia el encuentro de tu destino amoroso. \u00danete a mi comunidad \u201cLa Hechicera del Amor\u201d y descubre el poder transformador de la magia y el amor. Que nuestras energ\u00edas se entrelacen en este camino de luz y pasi\u00f3n. \u00a1Que la magia del amor ilumine tu sendero y haga latir tu coraz\u00f3n con intensidad!","sameAs":["https:\/\/lahechiceradelamor.com","https:\/\/www.facebook.com\/salomelahechicera?mibextid=LQQJ4d","https:\/\/www.instagram.com\/lahechiceradelamor","https:\/\/x.com\/https:\/\/twitter.com\/lahechicera777","https:\/\/www.youtube.com\/@lahechiceradelamor"]}]}},"_hostinger_reach_plugin_has_subscription_block":false,"_hostinger_reach_plugin_is_elementor":false,"_links":{"self":[{"href":"https:\/\/lahechiceradelamor.com\/en\/wp-json\/wp\/v2\/pages\/314","targetHints":{"allow":["GET"]}}],"collection":[{"href":"https:\/\/lahechiceradelamor.com\/en\/wp-json\/wp\/v2\/pages"}],"about":[{"href":"https:\/\/lahechiceradelamor.com\/en\/wp-json\/wp\/v2\/types\/page"}],"author":[{"embeddable":true,"href":"https:\/\/lahechiceradelamor.com\/en\/wp-json\/wp\/v2\/users\/1"}],"replies":[{"embeddable":true,"href":"https:\/\/lahechiceradelamor.com\/en\/wp-json\/wp\/v2\/comments?post=314"}],"version-history":[{"count":11,"href":"https:\/\/lahechiceradelamor.com\/en\/wp-json\/wp\/v2\/pages\/314\/revisions"}],"predecessor-version":[{"id":1703,"href":"https:\/\/lahechiceradelamor.com\/en\/wp-json\/wp\/v2\/pages\/314\/revisions\/1703"}],"wp:attachment":[{"href":"https:\/\/lahechiceradelamor.com\/en\/wp-json\/wp\/v2\/media?parent=314"}],"curies":[{"name":"wp","href":"https:\/\/api.w.org\/{rel}","templated":true}]}}