{"id":82,"date":"2023-09-20T02:01:45","date_gmt":"2023-09-20T02:01:45","guid":{"rendered":"https:\/\/lahechiceradelamor.com\/?page_id=82"},"modified":"2024-05-10T02:37:02","modified_gmt":"2024-05-10T02:37:02","slug":"contactame","status":"publish","type":"page","link":"https:\/\/lahechiceradelamor.com\/en\/contactame\/","title":{"rendered":"Contact me"},"content":{"rendered":"<p>[et_pb_section fb_built=\u00bb1&#8243; _builder_version=\u00bb4.25.0&#8243; _module_preset=\u00bbdefault\u00bb background_color=\u00bb#050A30&#8243; global_colors_info=\u00bb{}\u00bb][et_pb_row _builder_version=\u00bb4.25.0&#8243; _module_preset=\u00bbdefault\u00bb global_colors_info=\u00bb{}\u00bb][et_pb_column type=\u00bb4_4&#8243; _builder_version=\u00bb4.25.0&#8243; _module_preset=\u00bbdefault\u00bb global_colors_info=\u00bb{}\u00bb][et_pb_text _builder_version=\u00bb4.25.0&#8243; _module_preset=\u00bbdefault\u00bb text_text_color=\u00bb#FFA801&#8243; text_font_size=\u00bb31px\u00bb text_orientation=\u00bbcenter\u00bb text_font_size_tablet=\u00bb31px\u00bb text_font_size_phone=\u00bb31px\u00bb text_font_size_last_edited=\u00bbon|phone\u00bb text_text_shadow_style=\u00bbpreset3&#8243; text_text_shadow_color=\u00bb#FFA801&#8243; global_colors_info=\u00bb{}\u00bb]<\/p>\n<p>contactame<\/p>\n<p>[\/et_pb_text][\/et_pb_column][\/et_pb_row][\/et_pb_section][et_pb_section fb_built=\u00bb1&#8243; _builder_version=\u00bb4.25.0&#8243; _module_preset=\u00bbdefault\u00bb background_color=\u00bb#050A30&#8243; global_colors_info=\u00bb{}\u00bb][et_pb_row column_structure=\u00bb1_2,1_2&#8243; _builder_version=\u00bb4.25.0&#8243; _module_preset=\u00bbdefault\u00bb global_colors_info=\u00bb{}\u00bb][et_pb_column type=\u00bb1_2&#8243; _builder_version=\u00bb4.25.0&#8243; _module_preset=\u00bbdefault\u00bb global_colors_info=\u00bb{}\u00bb][et_pb_image src=\u00bbhttps:\/\/lahechiceradelamor.com\/wp-content\/uploads\/2024\/05\/8.png\u00bb alt=\u00bbel blog de la hechicera del amor\u00bb title_text=\u00bbel blog de la hechicera del amor\u00bb _builder_version=\u00bb4.25.1&#8243; _module_preset=\u00bbdefault\u00bb scroll_vertical_motion_enable=\u00bbon\u00bb scroll_vertical_motion=\u00bb0|50|50|100|2.5|0|-1&#8243; hover_enabled=\u00bb0&#8243; global_colors_info=\u00bb{}\u00bb sticky_enabled=\u00bb0&#8243;][\/et_pb_image][\/et_pb_column][et_pb_column type=\u00bb1_2&#8243; _builder_version=\u00bb4.25.0&#8243; _module_preset=\u00bbdefault\u00bb global_colors_info=\u00bb{}\u00bb][et_pb_contact_form email=\u00bblahechizeradelamor@gmail.com\u00bb custom_message=\u00bbMi mensajes es: %%name%% %%lastname%% %%email%% %%message%%\u00bb use_redirect=\u00bbon\u00bb redirect_url=\u00bbhttps:\/\/lahechiceradelamor.com\/portal-mistico\/\u00bb success_message=\u00bbPronto te respondere tus dudas, gracias por contactarme\u2618\ufe0e\u00bb submit_button_text=\u00bbenviar\u00bb _builder_version=\u00bb4.25.0&#8243; _module_preset=\u00bbdefault\u00bb _unique_id=\u00bbcda922d8-3b0c-4f50-aedc-70f166cc566b\u00bb form_field_background_color=\u00bb#390100&#8243; form_field_text_color=\u00bb#FFA801&#8243; form_field_focus_background_color=\u00bb#390100&#8243; custom_button=\u00bbon\u00bb custom_margin=\u00bb57px|||||\u00bb form_field_text_shadow_style=\u00bbpreset3&#8243; form_field_text_shadow_color=\u00bb#FFA801&#8243; box_shadow_style=\u00bbpreset1&#8243; box_shadow_color=\u00bb#FFA801&#8243; locked=\u00bboff\u00bb global_colors_info=\u00bb{}\u00bb][et_pb_contact_field field_id=\u00bbname\u00bb field_title=\u00bbnombres\u00bb _builder_version=\u00bb4.25.0&#8243; global_colors_info=\u00bb{}\u00bb button_text_size__hover_enabled=\u00bboff\u00bb button_one_text_size__hover_enabled=\u00bboff\u00bb button_two_text_size__hover_enabled=\u00bboff\u00bb button_text_color__hover_enabled=\u00bboff\u00bb button_one_text_color__hover_enabled=\u00bboff\u00bb button_two_text_color__hover_enabled=\u00bboff\u00bb button_border_width__hover_enabled=\u00bboff\u00bb button_one_border_width__hover_enabled=\u00bboff\u00bb button_two_border_width__hover_enabled=\u00bboff\u00bb button_border_color__hover_enabled=\u00bboff\u00bb button_one_border_color__hover_enabled=\u00bboff\u00bb button_two_border_color__hover_enabled=\u00bboff\u00bb button_border_radius__hover_enabled=\u00bboff\u00bb button_one_border_radius__hover_enabled=\u00bboff\u00bb button_two_border_radius__hover_enabled=\u00bboff\u00bb button_letter_spacing__hover_enabled=\u00bboff\u00bb button_one_letter_spacing__hover_enabled=\u00bboff\u00bb button_two_letter_spacing__hover_enabled=\u00bboff\u00bb button_bg_color__hover_enabled=\u00bboff\u00bb button_one_bg_color__hover_enabled=\u00bboff\u00bb button_two_bg_color__hover_enabled=\u00bboff\u00bb][\/et_pb_contact_field][et_pb_contact_field field_id=\u00bblastname\u00bb field_title=\u00bbapellidos\u00bb fullwidth_field=\u00bbon\u00bb _builder_version=\u00bb4.25.0&#8243; _module_preset=\u00bbdefault\u00bb global_colors_info=\u00bb{}\u00bb][\/et_pb_contact_field][et_pb_contact_field field_id=\u00bbEmail\u00bb field_title=\u00bbcorreo electronico\u00bb field_type=\u00bbemail\u00bb _builder_version=\u00bb4.25.0&#8243; global_colors_info=\u00bb{}\u00bb button_text_size__hover_enabled=\u00bboff\u00bb button_one_text_size__hover_enabled=\u00bboff\u00bb button_two_text_size__hover_enabled=\u00bboff\u00bb button_text_color__hover_enabled=\u00bboff\u00bb button_one_text_color__hover_enabled=\u00bboff\u00bb button_two_text_color__hover_enabled=\u00bboff\u00bb button_border_width__hover_enabled=\u00bboff\u00bb button_one_border_width__hover_enabled=\u00bboff\u00bb button_two_border_width__hover_enabled=\u00bboff\u00bb button_border_color__hover_enabled=\u00bboff\u00bb button_one_border_color__hover_enabled=\u00bboff\u00bb button_two_border_color__hover_enabled=\u00bboff\u00bb button_border_radius__hover_enabled=\u00bboff\u00bb button_one_border_radius__hover_enabled=\u00bboff\u00bb button_two_border_radius__hover_enabled=\u00bboff\u00bb button_letter_spacing__hover_enabled=\u00bboff\u00bb button_one_letter_spacing__hover_enabled=\u00bboff\u00bb button_two_letter_spacing__hover_enabled=\u00bboff\u00bb button_bg_color__hover_enabled=\u00bboff\u00bb button_one_bg_color__hover_enabled=\u00bboff\u00bb button_two_bg_color__hover_enabled=\u00bboff\u00bb][\/et_pb_contact_field][et_pb_contact_field field_id=\u00bbMessage\u00bb field_title=\u00bbescribe tus inquit\u00fades aqui\u00bb field_type=\u00bbtext\u00bb fullwidth_field=\u00bbon\u00bb _builder_version=\u00bb4.25.0&#8243; global_colors_info=\u00bb{}\u00bb button_text_size__hover_enabled=\u00bboff\u00bb button_one_text_size__hover_enabled=\u00bboff\u00bb button_two_text_size__hover_enabled=\u00bboff\u00bb button_text_color__hover_enabled=\u00bboff\u00bb button_one_text_color__hover_enabled=\u00bboff\u00bb button_two_text_color__hover_enabled=\u00bboff\u00bb button_border_width__hover_enabled=\u00bboff\u00bb button_one_border_width__hover_enabled=\u00bboff\u00bb button_two_border_width__hover_enabled=\u00bboff\u00bb button_border_color__hover_enabled=\u00bboff\u00bb button_one_border_color__hover_enabled=\u00bboff\u00bb button_two_border_color__hover_enabled=\u00bboff\u00bb button_border_radius__hover_enabled=\u00bboff\u00bb button_one_border_radius__hover_enabled=\u00bboff\u00bb button_two_border_radius__hover_enabled=\u00bboff\u00bb button_letter_spacing__hover_enabled=\u00bboff\u00bb button_one_letter_spacing__hover_enabled=\u00bboff\u00bb button_two_letter_spacing__hover_enabled=\u00bboff\u00bb button_bg_color__hover_enabled=\u00bboff\u00bb button_one_bg_color__hover_enabled=\u00bboff\u00bb button_two_bg_color__hover_enabled=\u00bboff\u00bb][\/et_pb_contact_field][\/et_pb_contact_form][\/et_pb_column][\/et_pb_row][\/et_pb_section][et_pb_section fb_built=\u00bb1&#8243; _builder_version=\u00bb4.25.1&#8243; _module_preset=\u00bbdefault\u00bb background_color=\u00bb#050A30&#8243; global_colors_info=\u00bb{}\u00bb][et_pb_row column_structure=\u00bb1_2,1_2&#8243; _builder_version=\u00bb4.25.1&#8243; _module_preset=\u00bbdefault\u00bb background_color=\u00bb#050A30&#8243; global_colors_info=\u00bb{}\u00bb][et_pb_column type=\u00bb1_2&#8243; _builder_version=\u00bb4.25.1&#8243; _module_preset=\u00bbdefault\u00bb global_colors_info=\u00bb{}\u00bb][et_pb_image src=\u00bbhttps:\/\/lahechiceradelamor.com\/wp-content\/uploads\/2024\/05\/10.png\u00bb alt=\u00bbel blog de la hechicera del amor\u00bb title_text=\u00bbel blog de la hechicera del amor\u00bb _builder_version=\u00bb4.25.1&#8243; _module_preset=\u00bbdefault\u00bb background_color=\u00bb#050A30&#8243; scroll_vertical_motion_enable=\u00bbon\u00bb scroll_vertical_motion=\u00bb0|50|50|100|2.5|0|-1.5&#8243; hover_enabled=\u00bb0&#8243; global_colors_info=\u00bb{}\u00bb sticky_enabled=\u00bb0&#8243;][\/et_pb_image][\/et_pb_column][et_pb_column type=\u00bb1_2&#8243; _builder_version=\u00bb4.25.1&#8243; _module_preset=\u00bbdefault\u00bb global_colors_info=\u00bb{}\u00bb][et_pb_signup mailchimp_list=\u00bbundefined|\u00bb last_name_field=\u00bboff\u00bb success_message=\u00bbGracias por unirte a esta comunidad de Hechiceros!\u00bb title=\u00bbsubscribete &#038; recibe el horoscopo semanal &#038; mis ultimas actualizaciones  magicas\u00bb button_text=\u00bbsubscribete\u00bb _builder_version=\u00bb4.25.1&#8243; _module_preset=\u00bbdefault\u00bb form_field_background_color=\u00bb#390100&#8243; form_field_text_color=\u00bb#FFA801&#8243; form_field_focus_background_color=\u00bb#390100&#8243; header_font=\u00bb|||||on|||\u00bb header_text_color=\u00bb#FFA801&#8243; header_line_height=\u00bb1.2em\u00bb body_font=\u00bbAntiqua||||||||\u00bb body_text_color=\u00bb#ffffff\u00bb background_color=\u00bb#050A30&#8243; custom_button=\u00bbon\u00bb button_text_color=\u00bb#FFA801&#8243; button_bg_color=\u00bb#390100&#8243; button_font=\u00bbAntiqua||||||||\u00bb button_icon=\u00bb&#xf004;||fa||900&#8243; header_text_shadow_style=\u00bbpreset3&#8243; header_text_shadow_color=\u00bb#FFA801&#8243; button_text_shadow_style=\u00bbpreset3&#8243; button_text_shadow_color=\u00bb#FFA801&#8243; locked=\u00bboff\u00bb global_colors_info=\u00bb{}\u00bb][\/et_pb_signup][\/et_pb_column][\/et_pb_row][\/et_pb_section]<\/p>\n","protected":false},"excerpt":{"rendered":"<p>contact me at<\/p>","protected":false},"author":1,"featured_media":0,"parent":0,"menu_order":0,"comment_status":"closed","ping_status":"closed","template":"","meta":{"_et_pb_use_builder":"on","_et_pb_old_content":"","_et_gb_content_width":"","_mbp_gutenberg_autopost":false,"footnotes":""},"class_list":["post-82","page","type-page","status-publish","hentry"],"yoast_head":"<!-- This site is optimized with the Yoast SEO plugin v27.3 - https:\/\/yoast.com\/product\/yoast-seo-wordpress\/ -->\n<title>Cont\u00e1ctame - Encantamientos y Hechizos para transformar tu vida amorosa.<\/title>\n<meta name=\"robots\" content=\"index, follow, max-snippet:-1, max-image-preview:large, max-video-preview:-1\" \/>\n<link rel=\"canonical\" href=\"https:\/\/lahechiceradelamor.com\/en\/contactame\/\" \/>\n<meta property=\"og:locale\" content=\"en_US\" \/>\n<meta property=\"og:type\" content=\"article\" \/>\n<meta property=\"og:title\" content=\"Cont\u00e1ctame - Encantamientos y Hechizos para transformar tu vida amorosa.\" \/>\n<meta property=\"og:description\" content=\"contactame\" \/>\n<meta property=\"og:url\" content=\"https:\/\/lahechiceradelamor.com\/en\/contactame\/\" \/>\n<meta property=\"og:site_name\" content=\"La Hechicera del Amor\" \/>\n<meta property=\"article:publisher\" content=\"https:\/\/www.facebook.com\/salomelahechicera?mibextid=LQQJ4d\" \/>\n<meta property=\"article:modified_time\" content=\"2024-05-10T02:37:02+00:00\" \/>\n<meta property=\"og:image\" content=\"https:\/\/lahechiceradelamor.com\/wp-content\/uploads\/2024\/04\/Diseno-sin-titulo-2-1.png\" \/>\n\t<meta property=\"og:image:width\" content=\"1200\" \/>\n\t<meta property=\"og:image:height\" content=\"675\" \/>\n\t<meta property=\"og:image:type\" content=\"image\/png\" \/>\n<meta name=\"twitter:card\" content=\"summary_large_image\" \/>\n<meta name=\"twitter:site\" content=\"@lahechicera777\" \/>\n<meta name=\"twitter:label1\" content=\"Est. reading time\" \/>\n\t<meta name=\"twitter:data1\" content=\"5 minutes\" \/>\n<script type=\"application\/ld+json\" class=\"yoast-schema-graph\">{\"@context\":\"https:\\\/\\\/schema.org\",\"@graph\":[{\"@type\":\"WebPage\",\"@id\":\"https:\\\/\\\/lahechiceradelamor.com\\\/contactame\\\/\",\"url\":\"https:\\\/\\\/lahechiceradelamor.com\\\/contactame\\\/\",\"name\":\"Cont\u00e1ctame - Encantamientos y Hechizos para transformar tu vida amorosa.\",\"isPartOf\":{\"@id\":\"https:\\\/\\\/lahechiceradelamor.com\\\/#website\"},\"datePublished\":\"2023-09-20T02:01:45+00:00\",\"dateModified\":\"2024-05-10T02:37:02+00:00\",\"breadcrumb\":{\"@id\":\"https:\\\/\\\/lahechiceradelamor.com\\\/contactame\\\/#breadcrumb\"},\"inLanguage\":\"en-US\",\"potentialAction\":[{\"@type\":\"ReadAction\",\"target\":[\"https:\\\/\\\/lahechiceradelamor.com\\\/contactame\\\/\"]}]},{\"@type\":\"BreadcrumbList\",\"@id\":\"https:\\\/\\\/lahechiceradelamor.com\\\/contactame\\\/#breadcrumb\",\"itemListElement\":[{\"@type\":\"ListItem\",\"position\":1,\"name\":\"Home\",\"item\":\"https:\\\/\\\/lahechiceradelamor.com\\\/\"},{\"@type\":\"ListItem\",\"position\":2,\"name\":\"Cont\u00e1ctame\"}]},{\"@type\":\"WebSite\",\"@id\":\"https:\\\/\\\/lahechiceradelamor.com\\\/#website\",\"url\":\"https:\\\/\\\/lahechiceradelamor.com\\\/\",\"name\":\"La Hechicera del Amor\",\"description\":\"Encantamientos y Hechizos para transformar tu vida amorosa.\",\"publisher\":{\"@id\":\"https:\\\/\\\/lahechiceradelamor.com\\\/#\\\/schema\\\/person\\\/8d702804eabfc5abdf39d6fecbeabd4e\"},\"alternateName\":\"La Hechicera del Amor\",\"potentialAction\":[{\"@type\":\"SearchAction\",\"target\":{\"@type\":\"EntryPoint\",\"urlTemplate\":\"https:\\\/\\\/lahechiceradelamor.com\\\/?s={search_term_string}\"},\"query-input\":{\"@type\":\"PropertyValueSpecification\",\"valueRequired\":true,\"valueName\":\"search_term_string\"}}],\"inLanguage\":\"en-US\"},{\"@type\":[\"Person\",\"Organization\"],\"@id\":\"https:\\\/\\\/lahechiceradelamor.com\\\/#\\\/schema\\\/person\\\/8d702804eabfc5abdf39d6fecbeabd4e\",\"name\":\"La Hechicera del Amor\",\"image\":{\"@type\":\"ImageObject\",\"inLanguage\":\"en-US\",\"@id\":\"https:\\\/\\\/lahechiceradelamor.com\\\/wp-content\\\/uploads\\\/2024\\\/04\\\/Logo-Florista-Circular-Blanco-Negro-1.png\",\"url\":\"https:\\\/\\\/lahechiceradelamor.com\\\/wp-content\\\/uploads\\\/2024\\\/04\\\/Logo-Florista-Circular-Blanco-Negro-1.png\",\"contentUrl\":\"https:\\\/\\\/lahechiceradelamor.com\\\/wp-content\\\/uploads\\\/2024\\\/04\\\/Logo-Florista-Circular-Blanco-Negro-1.png\",\"width\":500,\"height\":500,\"caption\":\"La Hechicera del Amor\"},\"logo\":{\"@id\":\"https:\\\/\\\/lahechiceradelamor.com\\\/wp-content\\\/uploads\\\/2024\\\/04\\\/Logo-Florista-Circular-Blanco-Negro-1.png\"},\"description\":\"Mi pasi\u00f3n es desvelar los misterios del coraz\u00f3n y encender la chispa del amor verdadero en cada alma. Con cada hechizo y consejo, te guiar\u00e9 en un viaje m\u00e1gico hacia el encuentro de tu destino amoroso. \u00danete a mi comunidad \u201cLa Hechicera del Amor\u201d y descubre el poder transformador de la magia y el amor. Que nuestras energ\u00edas se entrelacen en este camino de luz y pasi\u00f3n. \u00a1Que la magia del amor ilumine tu sendero y haga latir tu coraz\u00f3n con intensidad!\",\"sameAs\":[\"https:\\\/\\\/lahechiceradelamor.com\",\"https:\\\/\\\/www.facebook.com\\\/salomelahechicera?mibextid=LQQJ4d\",\"https:\\\/\\\/www.instagram.com\\\/lahechiceradelamor\",\"https:\\\/\\\/x.com\\\/https:\\\/\\\/twitter.com\\\/lahechicera777\",\"https:\\\/\\\/www.youtube.com\\\/@lahechiceradelamor\"]}]}<\/script>\n<!-- \/ Yoast SEO plugin. -->","yoast_head_json":{"title":"Cont\u00e1ctame - Encantamientos y Hechizos para transformar tu vida amorosa.","robots":{"index":"index","follow":"follow","max-snippet":"max-snippet:-1","max-image-preview":"max-image-preview:large","max-video-preview":"max-video-preview:-1"},"canonical":"https:\/\/lahechiceradelamor.com\/en\/contactame\/","og_locale":"en_US","og_type":"article","og_title":"Cont\u00e1ctame - Encantamientos y Hechizos para transformar tu vida amorosa.","og_description":"contactame","og_url":"https:\/\/lahechiceradelamor.com\/en\/contactame\/","og_site_name":"La Hechicera del Amor","article_publisher":"https:\/\/www.facebook.com\/salomelahechicera?mibextid=LQQJ4d","article_modified_time":"2024-05-10T02:37:02+00:00","og_image":[{"width":1200,"height":675,"url":"https:\/\/lahechiceradelamor.com\/wp-content\/uploads\/2024\/04\/Diseno-sin-titulo-2-1.png","type":"image\/png"}],"twitter_card":"summary_large_image","twitter_site":"@lahechicera777","twitter_misc":{"Est. reading time":"5 minutes"},"schema":{"@context":"https:\/\/schema.org","@graph":[{"@type":"WebPage","@id":"https:\/\/lahechiceradelamor.com\/contactame\/","url":"https:\/\/lahechiceradelamor.com\/contactame\/","name":"Cont\u00e1ctame - Encantamientos y Hechizos para transformar tu vida amorosa.","isPartOf":{"@id":"https:\/\/lahechiceradelamor.com\/#website"},"datePublished":"2023-09-20T02:01:45+00:00","dateModified":"2024-05-10T02:37:02+00:00","breadcrumb":{"@id":"https:\/\/lahechiceradelamor.com\/contactame\/#breadcrumb"},"inLanguage":"en-US","potentialAction":[{"@type":"ReadAction","target":["https:\/\/lahechiceradelamor.com\/contactame\/"]}]},{"@type":"BreadcrumbList","@id":"https:\/\/lahechiceradelamor.com\/contactame\/#breadcrumb","itemListElement":[{"@type":"ListItem","position":1,"name":"Home","item":"https:\/\/lahechiceradelamor.com\/"},{"@type":"ListItem","position":2,"name":"Cont\u00e1ctame"}]},{"@type":"WebSite","@id":"https:\/\/lahechiceradelamor.com\/#website","url":"https:\/\/lahechiceradelamor.com\/","name":"La Hechicera del Amor","description":"Encantamientos y Hechizos para transformar tu vida amorosa.","publisher":{"@id":"https:\/\/lahechiceradelamor.com\/#\/schema\/person\/8d702804eabfc5abdf39d6fecbeabd4e"},"alternateName":"La Hechicera del Amor","potentialAction":[{"@type":"SearchAction","target":{"@type":"EntryPoint","urlTemplate":"https:\/\/lahechiceradelamor.com\/?s={search_term_string}"},"query-input":{"@type":"PropertyValueSpecification","valueRequired":true,"valueName":"search_term_string"}}],"inLanguage":"en-US"},{"@type":["Person","Organization"],"@id":"https:\/\/lahechiceradelamor.com\/#\/schema\/person\/8d702804eabfc5abdf39d6fecbeabd4e","name":"La Hechicera del Amor","image":{"@type":"ImageObject","inLanguage":"en-US","@id":"https:\/\/lahechiceradelamor.com\/wp-content\/uploads\/2024\/04\/Logo-Florista-Circular-Blanco-Negro-1.png","url":"https:\/\/lahechiceradelamor.com\/wp-content\/uploads\/2024\/04\/Logo-Florista-Circular-Blanco-Negro-1.png","contentUrl":"https:\/\/lahechiceradelamor.com\/wp-content\/uploads\/2024\/04\/Logo-Florista-Circular-Blanco-Negro-1.png","width":500,"height":500,"caption":"La Hechicera del Amor"},"logo":{"@id":"https:\/\/lahechiceradelamor.com\/wp-content\/uploads\/2024\/04\/Logo-Florista-Circular-Blanco-Negro-1.png"},"description":"Mi pasi\u00f3n es desvelar los misterios del coraz\u00f3n y encender la chispa del amor verdadero en cada alma. Con cada hechizo y consejo, te guiar\u00e9 en un viaje m\u00e1gico hacia el encuentro de tu destino amoroso. \u00danete a mi comunidad \u201cLa Hechicera del Amor\u201d y descubre el poder transformador de la magia y el amor. Que nuestras energ\u00edas se entrelacen en este camino de luz y pasi\u00f3n. \u00a1Que la magia del amor ilumine tu sendero y haga latir tu coraz\u00f3n con intensidad!","sameAs":["https:\/\/lahechiceradelamor.com","https:\/\/www.facebook.com\/salomelahechicera?mibextid=LQQJ4d","https:\/\/www.instagram.com\/lahechiceradelamor","https:\/\/x.com\/https:\/\/twitter.com\/lahechicera777","https:\/\/www.youtube.com\/@lahechiceradelamor"]}]}},"_hostinger_reach_plugin_has_subscription_block":false,"_hostinger_reach_plugin_is_elementor":false,"_links":{"self":[{"href":"https:\/\/lahechiceradelamor.com\/en\/wp-json\/wp\/v2\/pages\/82","targetHints":{"allow":["GET"]}}],"collection":[{"href":"https:\/\/lahechiceradelamor.com\/en\/wp-json\/wp\/v2\/pages"}],"about":[{"href":"https:\/\/lahechiceradelamor.com\/en\/wp-json\/wp\/v2\/types\/page"}],"author":[{"embeddable":true,"href":"https:\/\/lahechiceradelamor.com\/en\/wp-json\/wp\/v2\/users\/1"}],"replies":[{"embeddable":true,"href":"https:\/\/lahechiceradelamor.com\/en\/wp-json\/wp\/v2\/comments?post=82"}],"version-history":[{"count":7,"href":"https:\/\/lahechiceradelamor.com\/en\/wp-json\/wp\/v2\/pages\/82\/revisions"}],"predecessor-version":[{"id":1132,"href":"https:\/\/lahechiceradelamor.com\/en\/wp-json\/wp\/v2\/pages\/82\/revisions\/1132"}],"wp:attachment":[{"href":"https:\/\/lahechiceradelamor.com\/en\/wp-json\/wp\/v2\/media?parent=82"}],"curies":[{"name":"wp","href":"https:\/\/api.w.org\/{rel}","templated":true}]}}