{"id":1240,"date":"2024-07-21T23:03:12","date_gmt":"2024-07-21T23:03:12","guid":{"rendered":"https:\/\/lahechiceradelamor.com\/?post_type=product&#038;p=1240"},"modified":"2024-08-02T14:20:50","modified_gmt":"2024-08-02T14:20:50","slug":"ritual-personalizado","status":"publish","type":"product","link":"https:\/\/lahechiceradelamor.com\/en\/product\/ritual-personalizado\/","title":{"rendered":"Ritual Personalizado"},"content":{"rendered":"<div class=\"flex flex-grow flex-col max-w-full\">\n<div class=\"min-h-[20px] text-message flex w-full flex-col items-end gap-2 whitespace-pre-wrap break-words [.text-message+&amp;]:mt-5 overflow-x-auto\" dir=\"auto\" data-message-author-role=\"assistant\" data-message-id=\"073932a8-b509-4123-8410-d0c1b880806b\">\n<div class=\"flex w-full flex-col gap-1 empty:hidden first:pt-[3px]\">\n<div class=\"markdown prose w-full break-words dark:prose-invert light\">\n<p>\u00a1Hola! Soy La Hechicera del Amor, y estoy aqu\u00ed para ayudarte a transformar tu vida con rituales personalizados solo para ti. Por $133, dise\u00f1ar\u00e9 un ritual \u00fanico adaptado a tus necesidades espec\u00edficas, ya sea para mejorar tu salud, atraer abundancia, o encontrar el amor. Cada ritual que creo est\u00e1 cuidadosamente elaborado con t\u00e9cnicas y elementos poderosos, asegurando que est\u00e9 perfectamente alineado con tus deseos y energ\u00edas. D\u00e9jame ayudarte a alcanzar tus metas y hacer realidad tus sue\u00f1os. \u00a1Explora m\u00e1s y comencemos este viaje juntos!<\/p>\n<\/div>\n<\/div>\n<\/div>\n<\/div>\n","protected":false},"excerpt":{"rendered":"<p>Estoy aqu\u00ed para ofrecerte rituales personalizados para salud, dinero o amor por solo $133. Dise\u00f1o cada ritual para alinear tus energ\u00edas y ayudarte a alcanzar tus metas. \u00a1Descubre c\u00f3mo podemos transformar tu vida juntos!<\/p>","protected":false},"featured_media":1304,"comment_status":"open","ping_status":"closed","template":"","meta":{"_et_pb_use_builder":"","_et_pb_old_content":"","_et_gb_content_width":"","_mbp_gutenberg_autopost":false},"product_brand":[],"product_cat":[17],"product_tag":[],"class_list":{"0":"post-1240","1":"product","2":"type-product","3":"status-publish","4":"has-post-thumbnail","6":"product_cat-portal-mistico","8":"first","9":"instock","10":"virtual","11":"taxable","12":"purchasable","13":"product-type-simple"},"yoast_head":"<!-- This site is optimized with the Yoast SEO plugin v27.3 - https:\/\/yoast.com\/product\/yoast-seo-wordpress\/ -->\n<title>Ritual Personalizado - Encantamientos y Hechizos para transformar tu vida amorosa.<\/title>\n<meta name=\"robots\" content=\"index, follow, max-snippet:-1, max-image-preview:large, max-video-preview:-1\" \/>\n<link rel=\"canonical\" href=\"https:\/\/lahechiceradelamor.com\/en\/product\/ritual-personalizado\/\" \/>\n<meta property=\"og:locale\" content=\"en_US\" \/>\n<meta property=\"og:type\" content=\"article\" \/>\n<meta property=\"og:title\" content=\"Ritual Personalizado - Encantamientos y Hechizos para transformar tu vida amorosa.\" \/>\n<meta property=\"og:description\" content=\"Estoy aqu\u00ed para ofrecerte rituales personalizados para salud, dinero o amor por solo $133. Dise\u00f1o cada ritual para alinear tus energ\u00edas y ayudarte a alcanzar tus metas. \u00a1Descubre c\u00f3mo podemos transformar tu vida juntos!\" \/>\n<meta property=\"og:url\" content=\"https:\/\/lahechiceradelamor.com\/en\/product\/ritual-personalizado\/\" \/>\n<meta property=\"og:site_name\" content=\"La Hechicera del Amor\" \/>\n<meta property=\"article:publisher\" content=\"https:\/\/www.facebook.com\/salomelahechicera?mibextid=LQQJ4d\" \/>\n<meta property=\"article:modified_time\" content=\"2024-08-02T14:20:50+00:00\" \/>\n<meta property=\"og:image\" content=\"https:\/\/lahechiceradelamor.com\/wp-content\/uploads\/2024\/07\/IMG_1851-min.jpeg\" \/>\n\t<meta property=\"og:image:width\" content=\"2048\" \/>\n\t<meta property=\"og:image:height\" content=\"1536\" \/>\n\t<meta property=\"og:image:type\" content=\"image\/jpeg\" \/>\n<meta name=\"twitter:card\" content=\"summary_large_image\" \/>\n<meta name=\"twitter:site\" content=\"@lahechicera777\" \/>\n<meta name=\"twitter:label1\" content=\"Est. reading time\" \/>\n\t<meta name=\"twitter:data1\" content=\"1 minute\" \/>\n<script type=\"application\/ld+json\" class=\"yoast-schema-graph\">{\"@context\":\"https:\\\/\\\/schema.org\",\"@graph\":[{\"@type\":\"WebPage\",\"@id\":\"https:\\\/\\\/lahechiceradelamor.com\\\/product\\\/ritual-personalizado\\\/\",\"url\":\"https:\\\/\\\/lahechiceradelamor.com\\\/product\\\/ritual-personalizado\\\/\",\"name\":\"Ritual Personalizado - Encantamientos y Hechizos para transformar tu vida amorosa.\",\"isPartOf\":{\"@id\":\"https:\\\/\\\/lahechiceradelamor.com\\\/#website\"},\"primaryImageOfPage\":{\"@id\":\"https:\\\/\\\/lahechiceradelamor.com\\\/product\\\/ritual-personalizado\\\/#primaryimage\"},\"image\":{\"@id\":\"https:\\\/\\\/lahechiceradelamor.com\\\/product\\\/ritual-personalizado\\\/#primaryimage\"},\"thumbnailUrl\":\"https:\\\/\\\/lahechiceradelamor.com\\\/wp-content\\\/uploads\\\/2024\\\/07\\\/IMG_1851-min.jpeg\",\"datePublished\":\"2024-07-21T23:03:12+00:00\",\"dateModified\":\"2024-08-02T14:20:50+00:00\",\"breadcrumb\":{\"@id\":\"https:\\\/\\\/lahechiceradelamor.com\\\/product\\\/ritual-personalizado\\\/#breadcrumb\"},\"inLanguage\":\"en-US\",\"potentialAction\":[{\"@type\":\"ReadAction\",\"target\":[\"https:\\\/\\\/lahechiceradelamor.com\\\/product\\\/ritual-personalizado\\\/\"]}]},{\"@type\":\"ImageObject\",\"inLanguage\":\"en-US\",\"@id\":\"https:\\\/\\\/lahechiceradelamor.com\\\/product\\\/ritual-personalizado\\\/#primaryimage\",\"url\":\"https:\\\/\\\/lahechiceradelamor.com\\\/wp-content\\\/uploads\\\/2024\\\/07\\\/IMG_1851-min.jpeg\",\"contentUrl\":\"https:\\\/\\\/lahechiceradelamor.com\\\/wp-content\\\/uploads\\\/2024\\\/07\\\/IMG_1851-min.jpeg\",\"width\":2048,\"height\":1536,\"caption\":\"Ritual personalizado\"},{\"@type\":\"BreadcrumbList\",\"@id\":\"https:\\\/\\\/lahechiceradelamor.com\\\/product\\\/ritual-personalizado\\\/#breadcrumb\",\"itemListElement\":[{\"@type\":\"ListItem\",\"position\":1,\"name\":\"Home\",\"item\":\"https:\\\/\\\/lahechiceradelamor.com\\\/\"},{\"@type\":\"ListItem\",\"position\":2,\"name\":\"tienda esoterica\",\"item\":\"https:\\\/\\\/lahechiceradelamor.com\\\/tienda-esoterica\\\/\"},{\"@type\":\"ListItem\",\"position\":3,\"name\":\"Ritual Personalizado\"}]},{\"@type\":\"WebSite\",\"@id\":\"https:\\\/\\\/lahechiceradelamor.com\\\/#website\",\"url\":\"https:\\\/\\\/lahechiceradelamor.com\\\/\",\"name\":\"La Hechicera del Amor\",\"description\":\"Encantamientos y Hechizos para transformar tu vida amorosa.\",\"publisher\":{\"@id\":\"https:\\\/\\\/lahechiceradelamor.com\\\/#\\\/schema\\\/person\\\/8d702804eabfc5abdf39d6fecbeabd4e\"},\"alternateName\":\"La Hechicera del Amor\",\"potentialAction\":[{\"@type\":\"SearchAction\",\"target\":{\"@type\":\"EntryPoint\",\"urlTemplate\":\"https:\\\/\\\/lahechiceradelamor.com\\\/?s={search_term_string}\"},\"query-input\":{\"@type\":\"PropertyValueSpecification\",\"valueRequired\":true,\"valueName\":\"search_term_string\"}}],\"inLanguage\":\"en-US\"},{\"@type\":[\"Person\",\"Organization\"],\"@id\":\"https:\\\/\\\/lahechiceradelamor.com\\\/#\\\/schema\\\/person\\\/8d702804eabfc5abdf39d6fecbeabd4e\",\"name\":\"La Hechicera del Amor\",\"image\":{\"@type\":\"ImageObject\",\"inLanguage\":\"en-US\",\"@id\":\"https:\\\/\\\/lahechiceradelamor.com\\\/wp-content\\\/uploads\\\/2024\\\/04\\\/Logo-Florista-Circular-Blanco-Negro-1.png\",\"url\":\"https:\\\/\\\/lahechiceradelamor.com\\\/wp-content\\\/uploads\\\/2024\\\/04\\\/Logo-Florista-Circular-Blanco-Negro-1.png\",\"contentUrl\":\"https:\\\/\\\/lahechiceradelamor.com\\\/wp-content\\\/uploads\\\/2024\\\/04\\\/Logo-Florista-Circular-Blanco-Negro-1.png\",\"width\":500,\"height\":500,\"caption\":\"La Hechicera del Amor\"},\"logo\":{\"@id\":\"https:\\\/\\\/lahechiceradelamor.com\\\/wp-content\\\/uploads\\\/2024\\\/04\\\/Logo-Florista-Circular-Blanco-Negro-1.png\"},\"description\":\"Mi pasi\u00f3n es desvelar los misterios del coraz\u00f3n y encender la chispa del amor verdadero en cada alma. Con cada hechizo y consejo, te guiar\u00e9 en un viaje m\u00e1gico hacia el encuentro de tu destino amoroso. \u00danete a mi comunidad \u201cLa Hechicera del Amor\u201d y descubre el poder transformador de la magia y el amor. Que nuestras energ\u00edas se entrelacen en este camino de luz y pasi\u00f3n. \u00a1Que la magia del amor ilumine tu sendero y haga latir tu coraz\u00f3n con intensidad!\",\"sameAs\":[\"https:\\\/\\\/lahechiceradelamor.com\",\"https:\\\/\\\/www.facebook.com\\\/salomelahechicera?mibextid=LQQJ4d\",\"https:\\\/\\\/www.instagram.com\\\/lahechiceradelamor\",\"https:\\\/\\\/x.com\\\/https:\\\/\\\/twitter.com\\\/lahechicera777\",\"https:\\\/\\\/www.youtube.com\\\/@lahechiceradelamor\"]}]}<\/script>\n<!-- \/ Yoast SEO plugin. -->","yoast_head_json":{"title":"Ritual Personalizado - Encantamientos y Hechizos para transformar tu vida amorosa.","robots":{"index":"index","follow":"follow","max-snippet":"max-snippet:-1","max-image-preview":"max-image-preview:large","max-video-preview":"max-video-preview:-1"},"canonical":"https:\/\/lahechiceradelamor.com\/en\/product\/ritual-personalizado\/","og_locale":"en_US","og_type":"article","og_title":"Ritual Personalizado - Encantamientos y Hechizos para transformar tu vida amorosa.","og_description":"Estoy aqu\u00ed para ofrecerte rituales personalizados para salud, dinero o amor por solo $133. Dise\u00f1o cada ritual para alinear tus energ\u00edas y ayudarte a alcanzar tus metas. \u00a1Descubre c\u00f3mo podemos transformar tu vida juntos!","og_url":"https:\/\/lahechiceradelamor.com\/en\/product\/ritual-personalizado\/","og_site_name":"La Hechicera del Amor","article_publisher":"https:\/\/www.facebook.com\/salomelahechicera?mibextid=LQQJ4d","article_modified_time":"2024-08-02T14:20:50+00:00","og_image":[{"width":2048,"height":1536,"url":"https:\/\/lahechiceradelamor.com\/wp-content\/uploads\/2024\/07\/IMG_1851-min.jpeg","type":"image\/jpeg"}],"twitter_card":"summary_large_image","twitter_site":"@lahechicera777","twitter_misc":{"Est. reading time":"1 minute"},"schema":{"@context":"https:\/\/schema.org","@graph":[{"@type":"WebPage","@id":"https:\/\/lahechiceradelamor.com\/product\/ritual-personalizado\/","url":"https:\/\/lahechiceradelamor.com\/product\/ritual-personalizado\/","name":"Ritual Personalizado - Encantamientos y Hechizos para transformar tu vida amorosa.","isPartOf":{"@id":"https:\/\/lahechiceradelamor.com\/#website"},"primaryImageOfPage":{"@id":"https:\/\/lahechiceradelamor.com\/product\/ritual-personalizado\/#primaryimage"},"image":{"@id":"https:\/\/lahechiceradelamor.com\/product\/ritual-personalizado\/#primaryimage"},"thumbnailUrl":"https:\/\/lahechiceradelamor.com\/wp-content\/uploads\/2024\/07\/IMG_1851-min.jpeg","datePublished":"2024-07-21T23:03:12+00:00","dateModified":"2024-08-02T14:20:50+00:00","breadcrumb":{"@id":"https:\/\/lahechiceradelamor.com\/product\/ritual-personalizado\/#breadcrumb"},"inLanguage":"en-US","potentialAction":[{"@type":"ReadAction","target":["https:\/\/lahechiceradelamor.com\/product\/ritual-personalizado\/"]}]},{"@type":"ImageObject","inLanguage":"en-US","@id":"https:\/\/lahechiceradelamor.com\/product\/ritual-personalizado\/#primaryimage","url":"https:\/\/lahechiceradelamor.com\/wp-content\/uploads\/2024\/07\/IMG_1851-min.jpeg","contentUrl":"https:\/\/lahechiceradelamor.com\/wp-content\/uploads\/2024\/07\/IMG_1851-min.jpeg","width":2048,"height":1536,"caption":"Ritual personalizado"},{"@type":"BreadcrumbList","@id":"https:\/\/lahechiceradelamor.com\/product\/ritual-personalizado\/#breadcrumb","itemListElement":[{"@type":"ListItem","position":1,"name":"Home","item":"https:\/\/lahechiceradelamor.com\/"},{"@type":"ListItem","position":2,"name":"tienda esoterica","item":"https:\/\/lahechiceradelamor.com\/tienda-esoterica\/"},{"@type":"ListItem","position":3,"name":"Ritual Personalizado"}]},{"@type":"WebSite","@id":"https:\/\/lahechiceradelamor.com\/#website","url":"https:\/\/lahechiceradelamor.com\/","name":"La Hechicera del Amor","description":"Encantamientos y Hechizos para transformar tu vida amorosa.","publisher":{"@id":"https:\/\/lahechiceradelamor.com\/#\/schema\/person\/8d702804eabfc5abdf39d6fecbeabd4e"},"alternateName":"La Hechicera del Amor","potentialAction":[{"@type":"SearchAction","target":{"@type":"EntryPoint","urlTemplate":"https:\/\/lahechiceradelamor.com\/?s={search_term_string}"},"query-input":{"@type":"PropertyValueSpecification","valueRequired":true,"valueName":"search_term_string"}}],"inLanguage":"en-US"},{"@type":["Person","Organization"],"@id":"https:\/\/lahechiceradelamor.com\/#\/schema\/person\/8d702804eabfc5abdf39d6fecbeabd4e","name":"La Hechicera del Amor","image":{"@type":"ImageObject","inLanguage":"en-US","@id":"https:\/\/lahechiceradelamor.com\/wp-content\/uploads\/2024\/04\/Logo-Florista-Circular-Blanco-Negro-1.png","url":"https:\/\/lahechiceradelamor.com\/wp-content\/uploads\/2024\/04\/Logo-Florista-Circular-Blanco-Negro-1.png","contentUrl":"https:\/\/lahechiceradelamor.com\/wp-content\/uploads\/2024\/04\/Logo-Florista-Circular-Blanco-Negro-1.png","width":500,"height":500,"caption":"La Hechicera del Amor"},"logo":{"@id":"https:\/\/lahechiceradelamor.com\/wp-content\/uploads\/2024\/04\/Logo-Florista-Circular-Blanco-Negro-1.png"},"description":"Mi pasi\u00f3n es desvelar los misterios del coraz\u00f3n y encender la chispa del amor verdadero en cada alma. Con cada hechizo y consejo, te guiar\u00e9 en un viaje m\u00e1gico hacia el encuentro de tu destino amoroso. \u00danete a mi comunidad \u201cLa Hechicera del Amor\u201d y descubre el poder transformador de la magia y el amor. Que nuestras energ\u00edas se entrelacen en este camino de luz y pasi\u00f3n. \u00a1Que la magia del amor ilumine tu sendero y haga latir tu coraz\u00f3n con intensidad!","sameAs":["https:\/\/lahechiceradelamor.com","https:\/\/www.facebook.com\/salomelahechicera?mibextid=LQQJ4d","https:\/\/www.instagram.com\/lahechiceradelamor","https:\/\/x.com\/https:\/\/twitter.com\/lahechicera777","https:\/\/www.youtube.com\/@lahechiceradelamor"]}]}},"_links":{"self":[{"href":"https:\/\/lahechiceradelamor.com\/en\/wp-json\/wp\/v2\/product\/1240","targetHints":{"allow":["GET"]}}],"collection":[{"href":"https:\/\/lahechiceradelamor.com\/en\/wp-json\/wp\/v2\/product"}],"about":[{"href":"https:\/\/lahechiceradelamor.com\/en\/wp-json\/wp\/v2\/types\/product"}],"replies":[{"embeddable":true,"href":"https:\/\/lahechiceradelamor.com\/en\/wp-json\/wp\/v2\/comments?post=1240"}],"wp:featuredmedia":[{"embeddable":true,"href":"https:\/\/lahechiceradelamor.com\/en\/wp-json\/wp\/v2\/media\/1304"}],"wp:attachment":[{"href":"https:\/\/lahechiceradelamor.com\/en\/wp-json\/wp\/v2\/media?parent=1240"}],"wp:term":[{"taxonomy":"product_brand","embeddable":true,"href":"https:\/\/lahechiceradelamor.com\/en\/wp-json\/wp\/v2\/product_brand?post=1240"},{"taxonomy":"product_cat","embeddable":true,"href":"https:\/\/lahechiceradelamor.com\/en\/wp-json\/wp\/v2\/product_cat?post=1240"},{"taxonomy":"product_tag","embeddable":true,"href":"https:\/\/lahechiceradelamor.com\/en\/wp-json\/wp\/v2\/product_tag?post=1240"}],"curies":[{"name":"wp","href":"https:\/\/api.w.org\/{rel}","templated":true}]}}