{"id":1492,"date":"2024-08-26T17:18:15","date_gmt":"2024-08-26T17:18:15","guid":{"rendered":"https:\/\/lahechiceradelamor.com\/?post_type=product&#038;p=1492"},"modified":"2024-08-26T17:27:55","modified_gmt":"2024-08-26T17:27:55","slug":"velon-azul-de-proteccion-con-pentagrama","status":"publish","type":"product","link":"https:\/\/lahechiceradelamor.com\/en\/product\/velon-azul-de-proteccion-con-pentagrama\/","title":{"rendered":"Vel\u00f3n Azul de Protecci\u00f3n con Pentagrama"},"content":{"rendered":"<p>Este vel\u00f3n grande de color azul ha sido cuidadosamente preparado y ritualizado por m\u00ed, con la intenci\u00f3n de crear un poderoso escudo protector en tu hogar. En la parte superior del vel\u00f3n se encuentra un pentagrama, s\u00edmbolo ancestral de protecci\u00f3n, dise\u00f1ado para alejar las malas energ\u00edas y mantener un ambiente de paz y armon\u00eda.<\/p>\n<p>El vel\u00f3n es ideal para quienes buscan proteger su espacio de influencias negativas. Cada detalle ha sido pensado para potenciar su efectividad: desde la selecci\u00f3n del color azul, asociado con la serenidad y la purificaci\u00f3n, hasta el proceso ritual que activa sus propiedades protectoras.<\/p>\n<p>Adem\u00e1s, con cada vel\u00f3n recibir\u00e1s una oraci\u00f3n personalizada, que te guiar\u00e1 en el momento de encenderlo, asegurando que su poder se canalice de manera efectiva en tu hogar.<\/p>\n<p>Este vel\u00f3n es m\u00e1s que una simple vela; es una herramienta espiritual que te ayudar\u00e1 a mantener tu espacio seguro y libre de energ\u00edas no deseadas.<\/p>","protected":false},"excerpt":{"rendered":"<p>Este vel\u00f3n grande de color azul ha sido cuidadosamente preparado y ritualizado por m\u00ed, con la intenci\u00f3n de crear un poderoso escudo protector en tu hogar. En la parte superior del vel\u00f3n se encuentra un pentagrama, s\u00edmbolo ancestral de protecci\u00f3n, dise\u00f1ado para alejar las malas energ\u00edas y mantener un ambiente de paz y armon\u00eda.<\/p>","protected":false},"featured_media":1493,"comment_status":"open","ping_status":"closed","template":"","meta":{"_et_pb_use_builder":"","_et_pb_old_content":"","_et_gb_content_width":"","_mbp_gutenberg_autopost":false},"product_brand":[],"product_cat":[17,86],"product_tag":[69,46,85],"class_list":{"0":"post-1492","1":"product","2":"type-product","3":"status-publish","4":"has-post-thumbnail","6":"product_cat-portal-mistico","7":"product_cat-velas-ritualizadas","8":"product_tag-proteccion","9":"product_tag-todos-los-productos","10":"product_tag-velon","12":"first","13":"instock","14":"sale","15":"sold-individually","16":"taxable","17":"shipping-taxable","18":"purchasable","19":"product-type-simple"},"yoast_head":"<!-- This site is optimized with the Yoast SEO plugin v27.3 - https:\/\/yoast.com\/product\/yoast-seo-wordpress\/ -->\n<title>Vel\u00f3n Azul de Protecci\u00f3n con Pentagrama - Encantamientos y Hechizos para transformar tu vida amorosa.<\/title>\n<meta name=\"robots\" content=\"index, follow, max-snippet:-1, max-image-preview:large, max-video-preview:-1\" \/>\n<link rel=\"canonical\" href=\"https:\/\/lahechiceradelamor.com\/en\/product\/velon-azul-de-proteccion-con-pentagrama\/\" \/>\n<meta property=\"og:locale\" content=\"en_US\" \/>\n<meta property=\"og:type\" content=\"article\" \/>\n<meta property=\"og:title\" content=\"Vel\u00f3n Azul de Protecci\u00f3n con Pentagrama - Encantamientos y Hechizos para transformar tu vida amorosa.\" \/>\n<meta property=\"og:description\" content=\"Este vel\u00f3n grande de color azul ha sido cuidadosamente preparado y ritualizado por m\u00ed, con la intenci\u00f3n de crear un poderoso escudo protector en tu hogar. En la parte superior del vel\u00f3n se encuentra un pentagrama, s\u00edmbolo ancestral de protecci\u00f3n, dise\u00f1ado para alejar las malas energ\u00edas y mantener un ambiente de paz y armon\u00eda.\" \/>\n<meta property=\"og:url\" content=\"https:\/\/lahechiceradelamor.com\/en\/product\/velon-azul-de-proteccion-con-pentagrama\/\" \/>\n<meta property=\"og:site_name\" content=\"La Hechicera del Amor\" \/>\n<meta property=\"article:publisher\" content=\"https:\/\/www.facebook.com\/salomelahechicera?mibextid=LQQJ4d\" \/>\n<meta property=\"article:modified_time\" content=\"2024-08-26T17:27:55+00:00\" \/>\n<meta property=\"og:image\" content=\"https:\/\/lahechiceradelamor.com\/wp-content\/uploads\/2024\/08\/DSC01656-scaled.jpg\" \/>\n\t<meta property=\"og:image:width\" content=\"1707\" \/>\n\t<meta property=\"og:image:height\" content=\"2560\" \/>\n\t<meta property=\"og:image:type\" content=\"image\/jpeg\" \/>\n<meta name=\"twitter:card\" content=\"summary_large_image\" \/>\n<meta name=\"twitter:site\" content=\"@lahechicera777\" \/>\n<meta name=\"twitter:label1\" content=\"Est. reading time\" \/>\n\t<meta name=\"twitter:data1\" content=\"1 minute\" \/>\n<script type=\"application\/ld+json\" class=\"yoast-schema-graph\">{\"@context\":\"https:\\\/\\\/schema.org\",\"@graph\":[{\"@type\":\"WebPage\",\"@id\":\"https:\\\/\\\/lahechiceradelamor.com\\\/product\\\/velon-azul-de-proteccion-con-pentagrama\\\/\",\"url\":\"https:\\\/\\\/lahechiceradelamor.com\\\/product\\\/velon-azul-de-proteccion-con-pentagrama\\\/\",\"name\":\"Vel\u00f3n Azul de Protecci\u00f3n con Pentagrama - Encantamientos y Hechizos para transformar tu vida amorosa.\",\"isPartOf\":{\"@id\":\"https:\\\/\\\/lahechiceradelamor.com\\\/#website\"},\"primaryImageOfPage\":{\"@id\":\"https:\\\/\\\/lahechiceradelamor.com\\\/product\\\/velon-azul-de-proteccion-con-pentagrama\\\/#primaryimage\"},\"image\":{\"@id\":\"https:\\\/\\\/lahechiceradelamor.com\\\/product\\\/velon-azul-de-proteccion-con-pentagrama\\\/#primaryimage\"},\"thumbnailUrl\":\"https:\\\/\\\/lahechiceradelamor.com\\\/wp-content\\\/uploads\\\/2024\\\/08\\\/DSC01656-scaled.jpg\",\"datePublished\":\"2024-08-26T17:18:15+00:00\",\"dateModified\":\"2024-08-26T17:27:55+00:00\",\"breadcrumb\":{\"@id\":\"https:\\\/\\\/lahechiceradelamor.com\\\/product\\\/velon-azul-de-proteccion-con-pentagrama\\\/#breadcrumb\"},\"inLanguage\":\"en-US\",\"potentialAction\":[{\"@type\":\"ReadAction\",\"target\":[\"https:\\\/\\\/lahechiceradelamor.com\\\/product\\\/velon-azul-de-proteccion-con-pentagrama\\\/\"]}]},{\"@type\":\"ImageObject\",\"inLanguage\":\"en-US\",\"@id\":\"https:\\\/\\\/lahechiceradelamor.com\\\/product\\\/velon-azul-de-proteccion-con-pentagrama\\\/#primaryimage\",\"url\":\"https:\\\/\\\/lahechiceradelamor.com\\\/wp-content\\\/uploads\\\/2024\\\/08\\\/DSC01656-scaled.jpg\",\"contentUrl\":\"https:\\\/\\\/lahechiceradelamor.com\\\/wp-content\\\/uploads\\\/2024\\\/08\\\/DSC01656-scaled.jpg\",\"width\":1707,\"height\":2560,\"caption\":\"velon para la salud\"},{\"@type\":\"BreadcrumbList\",\"@id\":\"https:\\\/\\\/lahechiceradelamor.com\\\/product\\\/velon-azul-de-proteccion-con-pentagrama\\\/#breadcrumb\",\"itemListElement\":[{\"@type\":\"ListItem\",\"position\":1,\"name\":\"Home\",\"item\":\"https:\\\/\\\/lahechiceradelamor.com\\\/\"},{\"@type\":\"ListItem\",\"position\":2,\"name\":\"tienda esoterica\",\"item\":\"https:\\\/\\\/lahechiceradelamor.com\\\/tienda-esoterica\\\/\"},{\"@type\":\"ListItem\",\"position\":3,\"name\":\"Vel\u00f3n Azul de Protecci\u00f3n con Pentagrama\"}]},{\"@type\":\"WebSite\",\"@id\":\"https:\\\/\\\/lahechiceradelamor.com\\\/#website\",\"url\":\"https:\\\/\\\/lahechiceradelamor.com\\\/\",\"name\":\"La Hechicera del Amor\",\"description\":\"Encantamientos y Hechizos para transformar tu vida amorosa.\",\"publisher\":{\"@id\":\"https:\\\/\\\/lahechiceradelamor.com\\\/#\\\/schema\\\/person\\\/8d702804eabfc5abdf39d6fecbeabd4e\"},\"alternateName\":\"La Hechicera del Amor\",\"potentialAction\":[{\"@type\":\"SearchAction\",\"target\":{\"@type\":\"EntryPoint\",\"urlTemplate\":\"https:\\\/\\\/lahechiceradelamor.com\\\/?s={search_term_string}\"},\"query-input\":{\"@type\":\"PropertyValueSpecification\",\"valueRequired\":true,\"valueName\":\"search_term_string\"}}],\"inLanguage\":\"en-US\"},{\"@type\":[\"Person\",\"Organization\"],\"@id\":\"https:\\\/\\\/lahechiceradelamor.com\\\/#\\\/schema\\\/person\\\/8d702804eabfc5abdf39d6fecbeabd4e\",\"name\":\"La Hechicera del Amor\",\"image\":{\"@type\":\"ImageObject\",\"inLanguage\":\"en-US\",\"@id\":\"https:\\\/\\\/lahechiceradelamor.com\\\/wp-content\\\/uploads\\\/2024\\\/04\\\/Logo-Florista-Circular-Blanco-Negro-1.png\",\"url\":\"https:\\\/\\\/lahechiceradelamor.com\\\/wp-content\\\/uploads\\\/2024\\\/04\\\/Logo-Florista-Circular-Blanco-Negro-1.png\",\"contentUrl\":\"https:\\\/\\\/lahechiceradelamor.com\\\/wp-content\\\/uploads\\\/2024\\\/04\\\/Logo-Florista-Circular-Blanco-Negro-1.png\",\"width\":500,\"height\":500,\"caption\":\"La Hechicera del Amor\"},\"logo\":{\"@id\":\"https:\\\/\\\/lahechiceradelamor.com\\\/wp-content\\\/uploads\\\/2024\\\/04\\\/Logo-Florista-Circular-Blanco-Negro-1.png\"},\"description\":\"Mi pasi\u00f3n es desvelar los misterios del coraz\u00f3n y encender la chispa del amor verdadero en cada alma. Con cada hechizo y consejo, te guiar\u00e9 en un viaje m\u00e1gico hacia el encuentro de tu destino amoroso. \u00danete a mi comunidad \u201cLa Hechicera del Amor\u201d y descubre el poder transformador de la magia y el amor. Que nuestras energ\u00edas se entrelacen en este camino de luz y pasi\u00f3n. \u00a1Que la magia del amor ilumine tu sendero y haga latir tu coraz\u00f3n con intensidad!\",\"sameAs\":[\"https:\\\/\\\/lahechiceradelamor.com\",\"https:\\\/\\\/www.facebook.com\\\/salomelahechicera?mibextid=LQQJ4d\",\"https:\\\/\\\/www.instagram.com\\\/lahechiceradelamor\",\"https:\\\/\\\/x.com\\\/https:\\\/\\\/twitter.com\\\/lahechicera777\",\"https:\\\/\\\/www.youtube.com\\\/@lahechiceradelamor\"]}]}<\/script>\n<!-- \/ Yoast SEO plugin. -->","yoast_head_json":{"title":"Vel\u00f3n Azul de Protecci\u00f3n con Pentagrama - Encantamientos y Hechizos para transformar tu vida amorosa.","robots":{"index":"index","follow":"follow","max-snippet":"max-snippet:-1","max-image-preview":"max-image-preview:large","max-video-preview":"max-video-preview:-1"},"canonical":"https:\/\/lahechiceradelamor.com\/en\/product\/velon-azul-de-proteccion-con-pentagrama\/","og_locale":"en_US","og_type":"article","og_title":"Vel\u00f3n Azul de Protecci\u00f3n con Pentagrama - Encantamientos y Hechizos para transformar tu vida amorosa.","og_description":"Este vel\u00f3n grande de color azul ha sido cuidadosamente preparado y ritualizado por m\u00ed, con la intenci\u00f3n de crear un poderoso escudo protector en tu hogar. En la parte superior del vel\u00f3n se encuentra un pentagrama, s\u00edmbolo ancestral de protecci\u00f3n, dise\u00f1ado para alejar las malas energ\u00edas y mantener un ambiente de paz y armon\u00eda.","og_url":"https:\/\/lahechiceradelamor.com\/en\/product\/velon-azul-de-proteccion-con-pentagrama\/","og_site_name":"La Hechicera del Amor","article_publisher":"https:\/\/www.facebook.com\/salomelahechicera?mibextid=LQQJ4d","article_modified_time":"2024-08-26T17:27:55+00:00","og_image":[{"width":1707,"height":2560,"url":"https:\/\/lahechiceradelamor.com\/wp-content\/uploads\/2024\/08\/DSC01656-scaled.jpg","type":"image\/jpeg"}],"twitter_card":"summary_large_image","twitter_site":"@lahechicera777","twitter_misc":{"Est. reading time":"1 minute"},"schema":{"@context":"https:\/\/schema.org","@graph":[{"@type":"WebPage","@id":"https:\/\/lahechiceradelamor.com\/product\/velon-azul-de-proteccion-con-pentagrama\/","url":"https:\/\/lahechiceradelamor.com\/product\/velon-azul-de-proteccion-con-pentagrama\/","name":"Vel\u00f3n Azul de Protecci\u00f3n con Pentagrama - Encantamientos y Hechizos para transformar tu vida amorosa.","isPartOf":{"@id":"https:\/\/lahechiceradelamor.com\/#website"},"primaryImageOfPage":{"@id":"https:\/\/lahechiceradelamor.com\/product\/velon-azul-de-proteccion-con-pentagrama\/#primaryimage"},"image":{"@id":"https:\/\/lahechiceradelamor.com\/product\/velon-azul-de-proteccion-con-pentagrama\/#primaryimage"},"thumbnailUrl":"https:\/\/lahechiceradelamor.com\/wp-content\/uploads\/2024\/08\/DSC01656-scaled.jpg","datePublished":"2024-08-26T17:18:15+00:00","dateModified":"2024-08-26T17:27:55+00:00","breadcrumb":{"@id":"https:\/\/lahechiceradelamor.com\/product\/velon-azul-de-proteccion-con-pentagrama\/#breadcrumb"},"inLanguage":"en-US","potentialAction":[{"@type":"ReadAction","target":["https:\/\/lahechiceradelamor.com\/product\/velon-azul-de-proteccion-con-pentagrama\/"]}]},{"@type":"ImageObject","inLanguage":"en-US","@id":"https:\/\/lahechiceradelamor.com\/product\/velon-azul-de-proteccion-con-pentagrama\/#primaryimage","url":"https:\/\/lahechiceradelamor.com\/wp-content\/uploads\/2024\/08\/DSC01656-scaled.jpg","contentUrl":"https:\/\/lahechiceradelamor.com\/wp-content\/uploads\/2024\/08\/DSC01656-scaled.jpg","width":1707,"height":2560,"caption":"velon para la salud"},{"@type":"BreadcrumbList","@id":"https:\/\/lahechiceradelamor.com\/product\/velon-azul-de-proteccion-con-pentagrama\/#breadcrumb","itemListElement":[{"@type":"ListItem","position":1,"name":"Home","item":"https:\/\/lahechiceradelamor.com\/"},{"@type":"ListItem","position":2,"name":"tienda esoterica","item":"https:\/\/lahechiceradelamor.com\/tienda-esoterica\/"},{"@type":"ListItem","position":3,"name":"Vel\u00f3n Azul de Protecci\u00f3n con Pentagrama"}]},{"@type":"WebSite","@id":"https:\/\/lahechiceradelamor.com\/#website","url":"https:\/\/lahechiceradelamor.com\/","name":"La Hechicera del Amor","description":"Encantamientos y Hechizos para transformar tu vida amorosa.","publisher":{"@id":"https:\/\/lahechiceradelamor.com\/#\/schema\/person\/8d702804eabfc5abdf39d6fecbeabd4e"},"alternateName":"La Hechicera del Amor","potentialAction":[{"@type":"SearchAction","target":{"@type":"EntryPoint","urlTemplate":"https:\/\/lahechiceradelamor.com\/?s={search_term_string}"},"query-input":{"@type":"PropertyValueSpecification","valueRequired":true,"valueName":"search_term_string"}}],"inLanguage":"en-US"},{"@type":["Person","Organization"],"@id":"https:\/\/lahechiceradelamor.com\/#\/schema\/person\/8d702804eabfc5abdf39d6fecbeabd4e","name":"La Hechicera del Amor","image":{"@type":"ImageObject","inLanguage":"en-US","@id":"https:\/\/lahechiceradelamor.com\/wp-content\/uploads\/2024\/04\/Logo-Florista-Circular-Blanco-Negro-1.png","url":"https:\/\/lahechiceradelamor.com\/wp-content\/uploads\/2024\/04\/Logo-Florista-Circular-Blanco-Negro-1.png","contentUrl":"https:\/\/lahechiceradelamor.com\/wp-content\/uploads\/2024\/04\/Logo-Florista-Circular-Blanco-Negro-1.png","width":500,"height":500,"caption":"La Hechicera del Amor"},"logo":{"@id":"https:\/\/lahechiceradelamor.com\/wp-content\/uploads\/2024\/04\/Logo-Florista-Circular-Blanco-Negro-1.png"},"description":"Mi pasi\u00f3n es desvelar los misterios del coraz\u00f3n y encender la chispa del amor verdadero en cada alma. Con cada hechizo y consejo, te guiar\u00e9 en un viaje m\u00e1gico hacia el encuentro de tu destino amoroso. \u00danete a mi comunidad \u201cLa Hechicera del Amor\u201d y descubre el poder transformador de la magia y el amor. Que nuestras energ\u00edas se entrelacen en este camino de luz y pasi\u00f3n. \u00a1Que la magia del amor ilumine tu sendero y haga latir tu coraz\u00f3n con intensidad!","sameAs":["https:\/\/lahechiceradelamor.com","https:\/\/www.facebook.com\/salomelahechicera?mibextid=LQQJ4d","https:\/\/www.instagram.com\/lahechiceradelamor","https:\/\/x.com\/https:\/\/twitter.com\/lahechicera777","https:\/\/www.youtube.com\/@lahechiceradelamor"]}]}},"_links":{"self":[{"href":"https:\/\/lahechiceradelamor.com\/en\/wp-json\/wp\/v2\/product\/1492","targetHints":{"allow":["GET"]}}],"collection":[{"href":"https:\/\/lahechiceradelamor.com\/en\/wp-json\/wp\/v2\/product"}],"about":[{"href":"https:\/\/lahechiceradelamor.com\/en\/wp-json\/wp\/v2\/types\/product"}],"replies":[{"embeddable":true,"href":"https:\/\/lahechiceradelamor.com\/en\/wp-json\/wp\/v2\/comments?post=1492"}],"wp:featuredmedia":[{"embeddable":true,"href":"https:\/\/lahechiceradelamor.com\/en\/wp-json\/wp\/v2\/media\/1493"}],"wp:attachment":[{"href":"https:\/\/lahechiceradelamor.com\/en\/wp-json\/wp\/v2\/media?parent=1492"}],"wp:term":[{"taxonomy":"product_brand","embeddable":true,"href":"https:\/\/lahechiceradelamor.com\/en\/wp-json\/wp\/v2\/product_brand?post=1492"},{"taxonomy":"product_cat","embeddable":true,"href":"https:\/\/lahechiceradelamor.com\/en\/wp-json\/wp\/v2\/product_cat?post=1492"},{"taxonomy":"product_tag","embeddable":true,"href":"https:\/\/lahechiceradelamor.com\/en\/wp-json\/wp\/v2\/product_tag?post=1492"}],"curies":[{"name":"wp","href":"https:\/\/api.w.org\/{rel}","templated":true}]}}