{"id":1848,"date":"2025-07-25T01:55:08","date_gmt":"2025-07-25T01:55:08","guid":{"rendered":"https:\/\/lahechiceradelamor.com\/?post_type=product&#038;p=1848"},"modified":"2025-11-15T17:51:17","modified_gmt":"2025-11-15T17:51:17","slug":"agua-limpia-fuerza-del-mar","status":"publish","type":"product","link":"https:\/\/lahechiceradelamor.com\/en\/product\/agua-limpia-fuerza-del-mar\/","title":{"rendered":"Sea Force Cleansing Water"},"content":{"rendered":"<blockquote data-start=\"703\" data-end=\"859\">\n<p data-start=\"705\" data-end=\"859\"><strong data-start=\"705\" data-end=\"740\">Agua de Limpia &#8211; Fuerza del Mar<\/strong> es m\u00e1s que un l\u00edquido espiritual:<br data-start=\"774\" data-end=\"777\" \/>es un llamado al despertar, una ola de poder que limpia lo que ya no te pertenece.<\/p>\n<\/blockquote>\n<p data-start=\"861\" data-end=\"1003\">\ud83c\udf2c\ufe0f <strong data-start=\"865\" data-end=\"885\">\u00bfPara qu\u00e9 sirve?<\/strong><br data-start=\"885\" data-end=\"888\" \/>Esta agua ha sido preparada con intenci\u00f3n, sal bendecida, elementos naturales y energ\u00eda canalizada para ayudarte a:<\/p>\n<ul data-start=\"1004\" data-end=\"1195\">\n<li data-start=\"1004\" data-end=\"1043\">\n<p data-start=\"1006\" data-end=\"1043\">Cortar energ\u00edas pesadas o estancadas.<\/p>\n<\/li>\n<li data-start=\"1044\" data-end=\"1087\">\n<p data-start=\"1046\" data-end=\"1087\">Aclarar espacios cargados emocionalmente.<\/p>\n<\/li>\n<li data-start=\"1088\" data-end=\"1131\">\n<p data-start=\"1090\" data-end=\"1131\">Preparar tu altar para rituales.<\/p>\n<\/li>\n<li data-start=\"1132\" data-end=\"1195\">\n<p data-start=\"1134\" data-end=\"1195\">Sentir descanso profundo y claridad mental despu\u00e9s de usarla.<\/p>\n<\/li>\n<\/ul>\n<p data-start=\"1197\" data-end=\"1222\">\ud83c\udf19 <strong data-start=\"1200\" data-end=\"1222\">Usos recomendados:<\/strong><\/p>\n<ul data-start=\"1223\" data-end=\"1455\">\n<li data-start=\"1223\" data-end=\"1282\">\n<p data-start=\"1225\" data-end=\"1282\">Roc\u00eda en puertas, esquinas, objetos personales o el ba\u00f1o.<\/p>\n<\/li>\n<li data-start=\"1283\" data-end=\"1338\">\n<p data-start=\"1285\" data-end=\"1338\">Agr\u00e9gala a un recipiente con agua para limpiar pisos.<\/p>\n<\/li>\n<li data-start=\"1339\" data-end=\"1419\">\n<p data-start=\"1341\" data-end=\"1419\">\u00dasala en velas, altares o como parte de tus ba\u00f1os espirituales (externamente).<\/p>\n<\/li>\n<li data-start=\"1420\" data-end=\"1455\">\n<p data-start=\"1422\" data-end=\"1455\">No aplicar directo sobre la piel.<\/p>\n<\/li>\n<\/ul>\n<p data-start=\"1457\" data-end=\"1617\">\ud83c\udf0a <strong data-start=\"1460\" data-end=\"1515\">Creaci\u00f3n limitada, en sincron\u00eda con ciclos lunares.<\/strong><br \/>\nCada botella contiene vibraci\u00f3n y protecci\u00f3n.<br data-start=\"1567\" data-end=\"1570\" \/>Si resuena contigo, es porque te est\u00e1 llamando.<\/p>","protected":false},"excerpt":{"rendered":"<blockquote data-start=\"356\" data-end=\"635\">\n<p data-start=\"358\" data-end=\"635\">\ud83d\udca7 Agua de Limpia Fuerza del Mar<br data-start=\"390\" data-end=\"393\" \/>Purifica tu hogar y tu energ\u00eda con esta f\u00f3rmula ancestral de limpieza espiritual. Canalizada con la fuerza del oc\u00e9ano, equilibra, libera y protege. Ideal para rituales, altares y ba\u00f1os energ\u00e9ticos.<br data-start=\"590\" data-end=\"593\" \/>\ud83c\udf19 Hecha con intenci\u00f3n. Limitada por lote.<\/p>\n<\/blockquote>\n<hr data-start=\"637\" data-end=\"640\" \/>\n<h2 data-start=\"642\" data-end=\"701\"><\/h2>","protected":false},"featured_media":1849,"comment_status":"open","ping_status":"closed","template":"","meta":{"_et_pb_use_builder":"","_et_pb_old_content":"","_et_gb_content_width":"","_mbp_gutenberg_autopost":false},"product_brand":[],"product_cat":[38,22,48,49,47,45,44,43],"product_tag":[41,94,64,93,39],"class_list":{"0":"post-1848","1":"product","2":"type-product","3":"status-publish","4":"has-post-thumbnail","6":"product_cat-accesorios-para-altares","7":"product_cat-banos-espirituales","8":"product_cat-banos-para-el-amor","9":"product_cat-banos-para-el-dinero","10":"product_cat-banos-para-la-salud","11":"product_cat-rituales-para-el-amor","12":"product_cat-rituales-para-el-dinero","13":"product_cat-rituales-para-la-salud","14":"product_tag-amor","15":"product_tag-bano","16":"product_tag-ritual","17":"product_tag-rituales","18":"product_tag-salud","20":"first","21":"outofstock","22":"sale","23":"taxable","24":"shipping-taxable","25":"purchasable","26":"product-type-simple"},"yoast_head":"<!-- This site is optimized with the Yoast SEO plugin v27.3 - https:\/\/yoast.com\/product\/yoast-seo-wordpress\/ -->\n<title>Agua Espiritual de Limpieza | Fuerza del Mar \u2728 Ritual y Protecci\u00f3n<\/title>\n<meta name=\"description\" content=\"Descubre el poder del Agua de Limpia Fuerza del Mar. Una f\u00f3rmula espiritual para limpieza energ\u00e9tica, protecci\u00f3n y claridad. Ideal para ba\u00f1os y rituales.\" \/>\n<meta name=\"robots\" content=\"index, follow, max-snippet:-1, max-image-preview:large, max-video-preview:-1\" \/>\n<link rel=\"canonical\" href=\"https:\/\/lahechiceradelamor.com\/en\/product\/agua-limpia-fuerza-del-mar\/\" \/>\n<meta property=\"og:locale\" content=\"en_US\" \/>\n<meta property=\"og:type\" content=\"article\" \/>\n<meta property=\"og:title\" content=\"Agua Espiritual de Limpieza | Fuerza del Mar \u2728 Ritual y Protecci\u00f3n\" \/>\n<meta property=\"og:description\" content=\"Descubre el poder del Agua de Limpia Fuerza del Mar. Una f\u00f3rmula espiritual para limpieza energ\u00e9tica, protecci\u00f3n y claridad. Ideal para ba\u00f1os y rituales.\" \/>\n<meta property=\"og:url\" content=\"https:\/\/lahechiceradelamor.com\/en\/product\/agua-limpia-fuerza-del-mar\/\" \/>\n<meta property=\"og:site_name\" content=\"La Hechicera del Amor\" \/>\n<meta property=\"article:publisher\" content=\"https:\/\/www.facebook.com\/salomelahechicera?mibextid=LQQJ4d\" \/>\n<meta property=\"article:modified_time\" content=\"2025-11-15T17:51:17+00:00\" \/>\n<meta property=\"og:image\" content=\"https:\/\/lahechiceradelamor.com\/wp-content\/uploads\/2025\/07\/DSC01991-scaled.jpeg\" \/>\n\t<meta property=\"og:image:width\" content=\"1707\" \/>\n\t<meta property=\"og:image:height\" content=\"2560\" \/>\n\t<meta property=\"og:image:type\" content=\"image\/jpeg\" \/>\n<meta name=\"twitter:card\" content=\"summary_large_image\" \/>\n<meta name=\"twitter:site\" content=\"@lahechicera777\" \/>\n<meta name=\"twitter:label1\" content=\"Est. reading time\" \/>\n\t<meta name=\"twitter:data1\" content=\"1 minute\" \/>\n<script type=\"application\/ld+json\" class=\"yoast-schema-graph\">{\"@context\":\"https:\\\/\\\/schema.org\",\"@graph\":[{\"@type\":\"WebPage\",\"@id\":\"https:\\\/\\\/lahechiceradelamor.com\\\/product\\\/agua-limpia-fuerza-del-mar\\\/\",\"url\":\"https:\\\/\\\/lahechiceradelamor.com\\\/product\\\/agua-limpia-fuerza-del-mar\\\/\",\"name\":\"Agua Espiritual de Limpieza | Fuerza del Mar \u2728 Ritual y Protecci\u00f3n\",\"isPartOf\":{\"@id\":\"https:\\\/\\\/lahechiceradelamor.com\\\/#website\"},\"primaryImageOfPage\":{\"@id\":\"https:\\\/\\\/lahechiceradelamor.com\\\/product\\\/agua-limpia-fuerza-del-mar\\\/#primaryimage\"},\"image\":{\"@id\":\"https:\\\/\\\/lahechiceradelamor.com\\\/product\\\/agua-limpia-fuerza-del-mar\\\/#primaryimage\"},\"thumbnailUrl\":\"https:\\\/\\\/lahechiceradelamor.com\\\/wp-content\\\/uploads\\\/2025\\\/07\\\/DSC01991-scaled.jpeg\",\"datePublished\":\"2025-07-25T01:55:08+00:00\",\"dateModified\":\"2025-11-15T17:51:17+00:00\",\"description\":\"Descubre el poder del Agua de Limpia Fuerza del Mar. Una f\u00f3rmula espiritual para limpieza energ\u00e9tica, protecci\u00f3n y claridad. Ideal para ba\u00f1os y rituales.\",\"breadcrumb\":{\"@id\":\"https:\\\/\\\/lahechiceradelamor.com\\\/product\\\/agua-limpia-fuerza-del-mar\\\/#breadcrumb\"},\"inLanguage\":\"en-US\",\"potentialAction\":[{\"@type\":\"ReadAction\",\"target\":[\"https:\\\/\\\/lahechiceradelamor.com\\\/product\\\/agua-limpia-fuerza-del-mar\\\/\"]}]},{\"@type\":\"ImageObject\",\"inLanguage\":\"en-US\",\"@id\":\"https:\\\/\\\/lahechiceradelamor.com\\\/product\\\/agua-limpia-fuerza-del-mar\\\/#primaryimage\",\"url\":\"https:\\\/\\\/lahechiceradelamor.com\\\/wp-content\\\/uploads\\\/2025\\\/07\\\/DSC01991-scaled.jpeg\",\"contentUrl\":\"https:\\\/\\\/lahechiceradelamor.com\\\/wp-content\\\/uploads\\\/2025\\\/07\\\/DSC01991-scaled.jpeg\",\"width\":1707,\"height\":2560},{\"@type\":\"BreadcrumbList\",\"@id\":\"https:\\\/\\\/lahechiceradelamor.com\\\/product\\\/agua-limpia-fuerza-del-mar\\\/#breadcrumb\",\"itemListElement\":[{\"@type\":\"ListItem\",\"position\":1,\"name\":\"Home\",\"item\":\"https:\\\/\\\/lahechiceradelamor.com\\\/\"},{\"@type\":\"ListItem\",\"position\":2,\"name\":\"tienda esoterica\",\"item\":\"https:\\\/\\\/lahechiceradelamor.com\\\/tienda-esoterica\\\/\"},{\"@type\":\"ListItem\",\"position\":3,\"name\":\"agua de limpia fuerza del mar\"}]},{\"@type\":\"WebSite\",\"@id\":\"https:\\\/\\\/lahechiceradelamor.com\\\/#website\",\"url\":\"https:\\\/\\\/lahechiceradelamor.com\\\/\",\"name\":\"La Hechicera del Amor\",\"description\":\"Encantamientos y Hechizos para transformar tu vida amorosa.\",\"publisher\":{\"@id\":\"https:\\\/\\\/lahechiceradelamor.com\\\/#\\\/schema\\\/person\\\/8d702804eabfc5abdf39d6fecbeabd4e\"},\"alternateName\":\"La Hechicera del Amor\",\"potentialAction\":[{\"@type\":\"SearchAction\",\"target\":{\"@type\":\"EntryPoint\",\"urlTemplate\":\"https:\\\/\\\/lahechiceradelamor.com\\\/?s={search_term_string}\"},\"query-input\":{\"@type\":\"PropertyValueSpecification\",\"valueRequired\":true,\"valueName\":\"search_term_string\"}}],\"inLanguage\":\"en-US\"},{\"@type\":[\"Person\",\"Organization\"],\"@id\":\"https:\\\/\\\/lahechiceradelamor.com\\\/#\\\/schema\\\/person\\\/8d702804eabfc5abdf39d6fecbeabd4e\",\"name\":\"La Hechicera del Amor\",\"image\":{\"@type\":\"ImageObject\",\"inLanguage\":\"en-US\",\"@id\":\"https:\\\/\\\/lahechiceradelamor.com\\\/wp-content\\\/uploads\\\/2024\\\/04\\\/Logo-Florista-Circular-Blanco-Negro-1.png\",\"url\":\"https:\\\/\\\/lahechiceradelamor.com\\\/wp-content\\\/uploads\\\/2024\\\/04\\\/Logo-Florista-Circular-Blanco-Negro-1.png\",\"contentUrl\":\"https:\\\/\\\/lahechiceradelamor.com\\\/wp-content\\\/uploads\\\/2024\\\/04\\\/Logo-Florista-Circular-Blanco-Negro-1.png\",\"width\":500,\"height\":500,\"caption\":\"La Hechicera del Amor\"},\"logo\":{\"@id\":\"https:\\\/\\\/lahechiceradelamor.com\\\/wp-content\\\/uploads\\\/2024\\\/04\\\/Logo-Florista-Circular-Blanco-Negro-1.png\"},\"description\":\"Mi pasi\u00f3n es desvelar los misterios del coraz\u00f3n y encender la chispa del amor verdadero en cada alma. Con cada hechizo y consejo, te guiar\u00e9 en un viaje m\u00e1gico hacia el encuentro de tu destino amoroso. \u00danete a mi comunidad \u201cLa Hechicera del Amor\u201d y descubre el poder transformador de la magia y el amor. Que nuestras energ\u00edas se entrelacen en este camino de luz y pasi\u00f3n. \u00a1Que la magia del amor ilumine tu sendero y haga latir tu coraz\u00f3n con intensidad!\",\"sameAs\":[\"https:\\\/\\\/lahechiceradelamor.com\",\"https:\\\/\\\/www.facebook.com\\\/salomelahechicera?mibextid=LQQJ4d\",\"https:\\\/\\\/www.instagram.com\\\/lahechiceradelamor\",\"https:\\\/\\\/x.com\\\/https:\\\/\\\/twitter.com\\\/lahechicera777\",\"https:\\\/\\\/www.youtube.com\\\/@lahechiceradelamor\"]}]}<\/script>\n<!-- \/ Yoast SEO plugin. -->","yoast_head_json":{"title":"Agua Espiritual de Limpieza | Fuerza del Mar \u2728 Ritual y Protecci\u00f3n","description":"Descubre el poder del Agua de Limpia Fuerza del Mar. Una f\u00f3rmula espiritual para limpieza energ\u00e9tica, protecci\u00f3n y claridad. Ideal para ba\u00f1os y rituales.","robots":{"index":"index","follow":"follow","max-snippet":"max-snippet:-1","max-image-preview":"max-image-preview:large","max-video-preview":"max-video-preview:-1"},"canonical":"https:\/\/lahechiceradelamor.com\/en\/product\/agua-limpia-fuerza-del-mar\/","og_locale":"en_US","og_type":"article","og_title":"Agua Espiritual de Limpieza | Fuerza del Mar \u2728 Ritual y Protecci\u00f3n","og_description":"Descubre el poder del Agua de Limpia Fuerza del Mar. Una f\u00f3rmula espiritual para limpieza energ\u00e9tica, protecci\u00f3n y claridad. Ideal para ba\u00f1os y rituales.","og_url":"https:\/\/lahechiceradelamor.com\/en\/product\/agua-limpia-fuerza-del-mar\/","og_site_name":"La Hechicera del Amor","article_publisher":"https:\/\/www.facebook.com\/salomelahechicera?mibextid=LQQJ4d","article_modified_time":"2025-11-15T17:51:17+00:00","og_image":[{"width":1707,"height":2560,"url":"https:\/\/lahechiceradelamor.com\/wp-content\/uploads\/2025\/07\/DSC01991-scaled.jpeg","type":"image\/jpeg"}],"twitter_card":"summary_large_image","twitter_site":"@lahechicera777","twitter_misc":{"Est. reading time":"1 minute"},"schema":{"@context":"https:\/\/schema.org","@graph":[{"@type":"WebPage","@id":"https:\/\/lahechiceradelamor.com\/product\/agua-limpia-fuerza-del-mar\/","url":"https:\/\/lahechiceradelamor.com\/product\/agua-limpia-fuerza-del-mar\/","name":"Agua Espiritual de Limpieza | Fuerza del Mar \u2728 Ritual y Protecci\u00f3n","isPartOf":{"@id":"https:\/\/lahechiceradelamor.com\/#website"},"primaryImageOfPage":{"@id":"https:\/\/lahechiceradelamor.com\/product\/agua-limpia-fuerza-del-mar\/#primaryimage"},"image":{"@id":"https:\/\/lahechiceradelamor.com\/product\/agua-limpia-fuerza-del-mar\/#primaryimage"},"thumbnailUrl":"https:\/\/lahechiceradelamor.com\/wp-content\/uploads\/2025\/07\/DSC01991-scaled.jpeg","datePublished":"2025-07-25T01:55:08+00:00","dateModified":"2025-11-15T17:51:17+00:00","description":"Descubre el poder del Agua de Limpia Fuerza del Mar. Una f\u00f3rmula espiritual para limpieza energ\u00e9tica, protecci\u00f3n y claridad. Ideal para ba\u00f1os y rituales.","breadcrumb":{"@id":"https:\/\/lahechiceradelamor.com\/product\/agua-limpia-fuerza-del-mar\/#breadcrumb"},"inLanguage":"en-US","potentialAction":[{"@type":"ReadAction","target":["https:\/\/lahechiceradelamor.com\/product\/agua-limpia-fuerza-del-mar\/"]}]},{"@type":"ImageObject","inLanguage":"en-US","@id":"https:\/\/lahechiceradelamor.com\/product\/agua-limpia-fuerza-del-mar\/#primaryimage","url":"https:\/\/lahechiceradelamor.com\/wp-content\/uploads\/2025\/07\/DSC01991-scaled.jpeg","contentUrl":"https:\/\/lahechiceradelamor.com\/wp-content\/uploads\/2025\/07\/DSC01991-scaled.jpeg","width":1707,"height":2560},{"@type":"BreadcrumbList","@id":"https:\/\/lahechiceradelamor.com\/product\/agua-limpia-fuerza-del-mar\/#breadcrumb","itemListElement":[{"@type":"ListItem","position":1,"name":"Home","item":"https:\/\/lahechiceradelamor.com\/"},{"@type":"ListItem","position":2,"name":"tienda esoterica","item":"https:\/\/lahechiceradelamor.com\/tienda-esoterica\/"},{"@type":"ListItem","position":3,"name":"agua de limpia fuerza del mar"}]},{"@type":"WebSite","@id":"https:\/\/lahechiceradelamor.com\/#website","url":"https:\/\/lahechiceradelamor.com\/","name":"La Hechicera del Amor","description":"Encantamientos y Hechizos para transformar tu vida amorosa.","publisher":{"@id":"https:\/\/lahechiceradelamor.com\/#\/schema\/person\/8d702804eabfc5abdf39d6fecbeabd4e"},"alternateName":"La Hechicera del Amor","potentialAction":[{"@type":"SearchAction","target":{"@type":"EntryPoint","urlTemplate":"https:\/\/lahechiceradelamor.com\/?s={search_term_string}"},"query-input":{"@type":"PropertyValueSpecification","valueRequired":true,"valueName":"search_term_string"}}],"inLanguage":"en-US"},{"@type":["Person","Organization"],"@id":"https:\/\/lahechiceradelamor.com\/#\/schema\/person\/8d702804eabfc5abdf39d6fecbeabd4e","name":"La Hechicera del Amor","image":{"@type":"ImageObject","inLanguage":"en-US","@id":"https:\/\/lahechiceradelamor.com\/wp-content\/uploads\/2024\/04\/Logo-Florista-Circular-Blanco-Negro-1.png","url":"https:\/\/lahechiceradelamor.com\/wp-content\/uploads\/2024\/04\/Logo-Florista-Circular-Blanco-Negro-1.png","contentUrl":"https:\/\/lahechiceradelamor.com\/wp-content\/uploads\/2024\/04\/Logo-Florista-Circular-Blanco-Negro-1.png","width":500,"height":500,"caption":"La Hechicera del Amor"},"logo":{"@id":"https:\/\/lahechiceradelamor.com\/wp-content\/uploads\/2024\/04\/Logo-Florista-Circular-Blanco-Negro-1.png"},"description":"Mi pasi\u00f3n es desvelar los misterios del coraz\u00f3n y encender la chispa del amor verdadero en cada alma. Con cada hechizo y consejo, te guiar\u00e9 en un viaje m\u00e1gico hacia el encuentro de tu destino amoroso. \u00danete a mi comunidad \u201cLa Hechicera del Amor\u201d y descubre el poder transformador de la magia y el amor. Que nuestras energ\u00edas se entrelacen en este camino de luz y pasi\u00f3n. \u00a1Que la magia del amor ilumine tu sendero y haga latir tu coraz\u00f3n con intensidad!","sameAs":["https:\/\/lahechiceradelamor.com","https:\/\/www.facebook.com\/salomelahechicera?mibextid=LQQJ4d","https:\/\/www.instagram.com\/lahechiceradelamor","https:\/\/x.com\/https:\/\/twitter.com\/lahechicera777","https:\/\/www.youtube.com\/@lahechiceradelamor"]}]}},"_links":{"self":[{"href":"https:\/\/lahechiceradelamor.com\/en\/wp-json\/wp\/v2\/product\/1848","targetHints":{"allow":["GET"]}}],"collection":[{"href":"https:\/\/lahechiceradelamor.com\/en\/wp-json\/wp\/v2\/product"}],"about":[{"href":"https:\/\/lahechiceradelamor.com\/en\/wp-json\/wp\/v2\/types\/product"}],"replies":[{"embeddable":true,"href":"https:\/\/lahechiceradelamor.com\/en\/wp-json\/wp\/v2\/comments?post=1848"}],"wp:featuredmedia":[{"embeddable":true,"href":"https:\/\/lahechiceradelamor.com\/en\/wp-json\/wp\/v2\/media\/1849"}],"wp:attachment":[{"href":"https:\/\/lahechiceradelamor.com\/en\/wp-json\/wp\/v2\/media?parent=1848"}],"wp:term":[{"taxonomy":"product_brand","embeddable":true,"href":"https:\/\/lahechiceradelamor.com\/en\/wp-json\/wp\/v2\/product_brand?post=1848"},{"taxonomy":"product_cat","embeddable":true,"href":"https:\/\/lahechiceradelamor.com\/en\/wp-json\/wp\/v2\/product_cat?post=1848"},{"taxonomy":"product_tag","embeddable":true,"href":"https:\/\/lahechiceradelamor.com\/en\/wp-json\/wp\/v2\/product_tag?post=1848"}],"curies":[{"name":"wp","href":"https:\/\/api.w.org\/{rel}","templated":true}]}}