{"id":1962,"date":"2025-11-14T01:59:33","date_gmt":"2025-11-14T01:59:33","guid":{"rendered":"https:\/\/lahechiceradelamor.com\/?post_type=product&#038;p=1962"},"modified":"2025-12-17T03:44:05","modified_gmt":"2025-12-17T03:44:05","slug":"lectura-carta-natal","status":"publish","type":"product","link":"https:\/\/lahechiceradelamor.com\/en\/product\/lectura-carta-natal\/","title":{"rendered":"Lectura de Carta Natal"},"content":{"rendered":"<h1>Lectura de Carta Natal Personalizada \u2013 Descubre tu Prop\u00f3sito y Tu Energ\u00eda Espiritual<\/h1>\n<p data-start=\"1057\" data-end=\"1257\">La <strong data-start=\"1060\" data-end=\"1075\">Carta Natal<\/strong> es el mapa sagrado con el que tu alma lleg\u00f3 al mundo.<br data-start=\"1129\" data-end=\"1132\" \/>En ella est\u00e1n escritos tus talentos, tus heridas, tu misi\u00f3n, tu forma de amar, tus ciclos y el camino que viniste a recorrer.<\/p>\n<p data-start=\"1259\" data-end=\"1491\">Mi lectura de Carta Natal es <strong data-start=\"1288\" data-end=\"1324\">profunda, intuitiva y espiritual<\/strong>, creada desde la energ\u00eda y sabidur\u00eda de <em data-start=\"1365\" data-end=\"1388\">La Hechicera del Amor<\/em>. No recibes una interpretaci\u00f3n gen\u00e9rica: recibes una lectura canalizada y personalizada que te revela:<\/p>\n<ul data-start=\"1493\" data-end=\"1826\">\n<li data-start=\"1493\" data-end=\"1529\">\n<p data-start=\"1495\" data-end=\"1529\">Por qu\u00e9 repites ciertos patrones<\/p>\n<\/li>\n<li data-start=\"1530\" data-end=\"1584\">\n<p data-start=\"1532\" data-end=\"1584\">Qu\u00e9 bloqueos tienes a nivel emocional o energ\u00e9tico<\/p>\n<\/li>\n<li data-start=\"1585\" data-end=\"1629\">\n<p data-start=\"1587\" data-end=\"1629\">Qu\u00e9 tipo de amor est\u00e1s destinada a vivir<\/p>\n<\/li>\n<li data-start=\"1630\" data-end=\"1675\">\n<p data-start=\"1632\" data-end=\"1675\">Cu\u00e1l es tu magia interna y c\u00f3mo activarla<\/p>\n<\/li>\n<li data-start=\"1676\" data-end=\"1724\">\n<p data-start=\"1678\" data-end=\"1724\">Cu\u00e1l es tu prop\u00f3sito y tu destino espiritual<\/p>\n<\/li>\n<li data-start=\"1725\" data-end=\"1786\">\n<p data-start=\"1727\" data-end=\"1786\">Qu\u00e9 te est\u00e1 pidiendo el Universo en esta etapa de tu vida<\/p>\n<\/li>\n<li data-start=\"1787\" data-end=\"1826\">\n<p data-start=\"1789\" data-end=\"1826\">Qu\u00e9 dones traes desde vidas pasadas<\/p>\n<\/li>\n<\/ul>\n<p data-start=\"1828\" data-end=\"1932\">Esta lectura es ideal si est\u00e1s buscando <strong data-start=\"1868\" data-end=\"1931\">claridad, autoconocimiento, sanaci\u00f3n o direcci\u00f3n espiritual<\/strong>.<\/p>\n<p data-start=\"1934\" data-end=\"2074\">La entregar\u00e9 <strong data-start=\"1947\" data-end=\"1987\">directamente a tu correo electr\u00f3nico<\/strong> para que puedas guardarla, leerla con calma y volver a ella cada vez que lo necesites.<\/p>\n<hr data-start=\"2076\" data-end=\"2079\" \/>\n<h1 data-start=\"2081\" data-end=\"2116\">\ud83c\udf1f <strong data-start=\"2086\" data-end=\"2116\">\u00bfQu\u00e9 incluye esta lectura?<\/strong><\/h1>\n<ul data-start=\"2118\" data-end=\"2508\">\n<li data-start=\"2118\" data-end=\"2165\">\n<p data-start=\"2120\" data-end=\"2165\">\u2728 Interpretaci\u00f3n completa de tu Carta Natal<\/p>\n<\/li>\n<li data-start=\"2166\" data-end=\"2208\">\n<p data-start=\"2168\" data-end=\"2208\">\u2728 Lectura de tu Sol, Luna y Ascendente<\/p>\n<\/li>\n<li data-start=\"2209\" data-end=\"2250\">\n<p data-start=\"2211\" data-end=\"2250\">\u2728 An\u00e1lisis de tus planetas personales<\/p>\n<\/li>\n<li data-start=\"2251\" data-end=\"2301\">\n<p data-start=\"2253\" data-end=\"2301\">\u2728 Patrones emocionales y aprendizajes k\u00e1rmicos<\/p>\n<\/li>\n<li data-start=\"2302\" data-end=\"2357\">\n<p data-start=\"2304\" data-end=\"2357\">\u2728 Tu energ\u00eda en el amor, la pareja y las relaciones<\/p>\n<\/li>\n<li data-start=\"2358\" data-end=\"2401\">\n<p data-start=\"2360\" data-end=\"2401\">\u2728 Dones espirituales y talentos ocultos<\/p>\n<\/li>\n<li data-start=\"2402\" data-end=\"2446\">\n<p data-start=\"2404\" data-end=\"2446\">\u2728 Tu misi\u00f3n de vida y prop\u00f3sito del alma<\/p>\n<\/li>\n<li data-start=\"2447\" data-end=\"2508\">\n<p data-start=\"2449\" data-end=\"2508\">\u2728 Consejos espirituales canalizados para tu camino actual<\/p>\n<\/li>\n<\/ul>\n<hr data-start=\"2510\" data-end=\"2513\" \/>\n<h1 data-start=\"2515\" data-end=\"2544\">\ud83e\uddff <strong data-start=\"2520\" data-end=\"2544\">\u00bfQu\u00e9 necesito de ti?<\/strong><\/h1>\n<p data-start=\"2546\" data-end=\"2564\">Por favor env\u00edame:<\/p>\n<ul data-start=\"2566\" data-end=\"2759\">\n<li data-start=\"2566\" data-end=\"2589\">\n<p data-start=\"2568\" data-end=\"2589\"><strong data-start=\"2568\" data-end=\"2587\">Nombre completo<\/strong><\/p>\n<\/li>\n<li data-start=\"2590\" data-end=\"2631\">\n<p data-start=\"2592\" data-end=\"2631\"><strong data-start=\"2592\" data-end=\"2629\">Fecha de nacimiento (d\u00eda\/mes\/a\u00f1o)<\/strong><\/p>\n<\/li>\n<li data-start=\"2632\" data-end=\"2665\">\n<p data-start=\"2634\" data-end=\"2665\"><strong data-start=\"2634\" data-end=\"2663\">Hora exacta de nacimiento<\/strong><\/p>\n<\/li>\n<li data-start=\"2666\" data-end=\"2701\">\n<p data-start=\"2668\" data-end=\"2701\"><strong data-start=\"2668\" data-end=\"2699\">Ciudad y pa\u00eds de nacimiento<\/strong><\/p>\n<\/li>\n<li data-start=\"2702\" data-end=\"2759\">\n<p data-start=\"2704\" data-end=\"2759\"><strong data-start=\"2704\" data-end=\"2759\">Correo electr\u00f3nico donde quieres recibir la lectura<\/strong><\/p>\n<\/li>\n<\/ul>\n<p data-start=\"2761\" data-end=\"2813\">Sin esta informaci\u00f3n, no puedo abrir tu mapa astral.<\/p>\n<hr data-start=\"2815\" data-end=\"2818\" \/>\n<h1 data-start=\"2820\" data-end=\"2855\">\ud83c\udf17 <strong data-start=\"2825\" data-end=\"2855\">Beneficios de esta lectura<\/strong><\/h1>\n<ul data-start=\"2857\" data-end=\"3152\">\n<li data-start=\"2857\" data-end=\"2891\">\n<p data-start=\"2859\" data-end=\"2891\">Descubres tu prop\u00f3sito de vida<\/p>\n<\/li>\n<li data-start=\"2892\" data-end=\"2934\">\n<p data-start=\"2894\" data-end=\"2934\">Entiendes tus bloqueos y c\u00f3mo sanarlos<\/p>\n<\/li>\n<li data-start=\"2935\" data-end=\"2970\">\n<p data-start=\"2937\" data-end=\"2970\">Comprendes tu energ\u00eda emocional<\/p>\n<\/li>\n<li data-start=\"2971\" data-end=\"3008\">\n<p data-start=\"2973\" data-end=\"3008\">Atraes relaciones m\u00e1s conscientes<\/p>\n<\/li>\n<li data-start=\"3009\" data-end=\"3043\">\n<p data-start=\"3011\" data-end=\"3043\">Tomas decisiones m\u00e1s alineadas<\/p>\n<\/li>\n<li data-start=\"3044\" data-end=\"3078\">\n<p data-start=\"3046\" data-end=\"3078\">Aumenta tu claridad espiritual<\/p>\n<\/li>\n<li data-start=\"3079\" data-end=\"3115\">\n<p data-start=\"3081\" data-end=\"3115\">Reconectas con tu poder interior<\/p>\n<\/li>\n<li data-start=\"3116\" data-end=\"3152\">\n<p data-start=\"3118\" data-end=\"3152\">Transformas tu vida desde dentro<\/p>\n<\/li>\n<\/ul>\n<hr data-start=\"3154\" data-end=\"3157\" \/>\n<h1 data-start=\"3159\" data-end=\"3193\">\u2753 <strong data-start=\"3163\" data-end=\"3193\">Preguntas frecuentes (FAQ)<\/strong><\/h1>\n<h3 data-start=\"3195\" data-end=\"3237\"><strong data-start=\"3199\" data-end=\"3235\">\u00bfLa lectura es por videollamada?<\/strong><\/h3>\n<p data-start=\"3238\" data-end=\"3355\">No. La lectura se entrega <strong data-start=\"3264\" data-end=\"3305\">exclusivamente por correo electr\u00f3nico<\/strong>, para que puedas releerla y analizarla con calma.<\/p>\n<h3 data-start=\"3357\" data-end=\"3391\"><strong data-start=\"3361\" data-end=\"3389\">\u00bfCu\u00e1nto tarda en llegar?<\/strong><\/h3>\n<p data-start=\"3392\" data-end=\"3448\">Dependiendo de la demanda, entre <strong data-start=\"3425\" data-end=\"3447\">1 y 4 d\u00edas h\u00e1biles<\/strong>.<\/p>\n<h3 data-start=\"3450\" data-end=\"3490\"><strong data-start=\"3454\" data-end=\"3488\">\u00bfEs una lectura personalizada?<\/strong><\/h3>\n<p data-start=\"3491\" data-end=\"3600\">S\u00ed. Cada interpretaci\u00f3n es \u00fanica y hecha desde tu energ\u00eda y tu informaci\u00f3n astral. No uso textos autom\u00e1ticos.<\/p>\n<h3 data-start=\"3602\" data-end=\"3646\"><strong data-start=\"3606\" data-end=\"3644\">\u00bfPuedo pedir aclaraciones despu\u00e9s?<\/strong><\/h3>\n<p data-start=\"3647\" data-end=\"3731\">S\u00ed, puedes responder al correo con una pregunta puntual si necesitas claridad extra.<\/p>\n<hr data-start=\"3733\" data-end=\"3736\" \/>\n<p data-start=\"3775\" data-end=\"3893\"><strong data-start=\"3775\" data-end=\"3893\">Tu alma lleva a\u00f1os esperando esta lectura.<br data-start=\"3819\" data-end=\"3822\" \/>Haz tu pedido hoy y descubre el mapa energ\u00e9tico que cambiar\u00e1 tu vida.<\/strong><\/p>\n<hr data-start=\"3895\" data-end=\"3898\" \/>\n<p data-start=\"3900\" data-end=\"3932\">","protected":false},"excerpt":{"rendered":"<p data-start=\"213\" data-end=\"427\"><strong data-start=\"213\" data-end=\"276\">Descubre tu verdadero prop\u00f3sito a trav\u00e9s de tu Carta Natal.<\/strong><br data-start=\"276\" data-end=\"279\" \/>Este an\u00e1lisis profundo revela tu energ\u00eda, tus talentos ocultos, tus patrones emocionales y el camino espiritual que tu alma eligi\u00f3 antes de nacer.<\/p>\n<p data-start=\"429\" data-end=\"686\">Una lectura profunda y detallada de tu Carta Natal, realizada por correo electr\u00f3nico.<br data-start=\"788\" data-end=\"791\" \/>Solo env\u00edame tu <strong data-start=\"807\" data-end=\"826\">nombre completo<\/strong>, <strong data-start=\"828\" data-end=\"851\">fecha de nacimiento<\/strong>, <strong data-start=\"853\" data-end=\"861\">hora<\/strong> y <strong data-start=\"864\" data-end=\"873\">lugar<\/strong>, y recibir\u00e1s una interpretaci\u00f3n personalizada que revela tu prop\u00f3sito, tu energ\u00eda, tus patrones y tu misi\u00f3n espiritual.<\/p>\n<p data-start=\"688\" data-end=\"752\"><strong data-start=\"688\" data-end=\"752\">Tu mapa est\u00e1 escrito en las estrellas. Yo te ayudo a leerlo.<\/strong><\/p>","protected":false},"featured_media":1965,"comment_status":"open","ping_status":"closed","template":"","meta":{"_et_pb_use_builder":"","_et_pb_old_content":"","_et_gb_content_width":"","_mbp_gutenberg_autopost":false},"product_brand":[],"product_cat":[17,99],"product_tag":[],"class_list":{"0":"post-1962","1":"product","2":"type-product","3":"status-publish","4":"has-post-thumbnail","6":"product_cat-portal-mistico","7":"product_cat-servicios-espirituales","9":"first","10":"instock","11":"downloadable","12":"virtual","13":"purchasable","14":"product-type-simple"},"yoast_head":"<!-- This site is optimized with the Yoast SEO plugin v27.3 - https:\/\/yoast.com\/product\/yoast-seo-wordpress\/ -->\n<title>Lectura de Carta Natal Personalizada \u2013 Descubre tu Prop\u00f3sito<\/title>\n<meta name=\"description\" content=\"Obt\u00e9n una lectura de carta natal profunda y precisa para comprender tu energ\u00eda, tus patrones emocionales y tu misi\u00f3n de vida. Autoconocimiento, claridad y gu\u00eda espiritual.\" \/>\n<meta name=\"robots\" content=\"index, follow, max-snippet:-1, max-image-preview:large, max-video-preview:-1\" \/>\n<link rel=\"canonical\" href=\"https:\/\/lahechiceradelamor.com\/en\/product\/lectura-carta-natal\/\" \/>\n<meta property=\"og:locale\" content=\"en_US\" \/>\n<meta property=\"og:type\" content=\"article\" \/>\n<meta property=\"og:title\" content=\"Lectura de Carta Natal Personalizada \u2013 Descubre tu Prop\u00f3sito\" \/>\n<meta property=\"og:description\" content=\"Obt\u00e9n una lectura de carta natal profunda y precisa para comprender tu energ\u00eda, tus patrones emocionales y tu misi\u00f3n de vida. Autoconocimiento, claridad y gu\u00eda espiritual.\" \/>\n<meta property=\"og:url\" content=\"https:\/\/lahechiceradelamor.com\/en\/product\/lectura-carta-natal\/\" \/>\n<meta property=\"og:site_name\" content=\"La Hechicera del Amor\" \/>\n<meta property=\"article:publisher\" content=\"https:\/\/www.facebook.com\/salomelahechicera?mibextid=LQQJ4d\" \/>\n<meta property=\"article:modified_time\" content=\"2025-12-17T03:44:05+00:00\" \/>\n<meta property=\"og:image\" content=\"https:\/\/lahechiceradelamor.com\/wp-content\/uploads\/2025\/11\/ChatGPT-Image-Nov-12-2025-04_07_28-PM-683x1024.png\" \/>\n\t<meta property=\"og:image:width\" content=\"683\" \/>\n\t<meta property=\"og:image:height\" content=\"1024\" \/>\n\t<meta property=\"og:image:type\" content=\"image\/png\" \/>\n<meta name=\"twitter:card\" content=\"summary_large_image\" \/>\n<meta name=\"twitter:site\" content=\"@lahechicera777\" \/>\n<meta name=\"twitter:label1\" content=\"Est. reading time\" \/>\n\t<meta name=\"twitter:data1\" content=\"3 minutes\" \/>\n<script type=\"application\/ld+json\" class=\"yoast-schema-graph\">{\"@context\":\"https:\\\/\\\/schema.org\",\"@graph\":[{\"@type\":\"WebPage\",\"@id\":\"https:\\\/\\\/lahechiceradelamor.com\\\/product\\\/lectura-carta-natal\\\/\",\"url\":\"https:\\\/\\\/lahechiceradelamor.com\\\/product\\\/lectura-carta-natal\\\/\",\"name\":\"Lectura de Carta Natal Personalizada \u2013 Descubre tu Prop\u00f3sito\",\"isPartOf\":{\"@id\":\"https:\\\/\\\/lahechiceradelamor.com\\\/#website\"},\"primaryImageOfPage\":{\"@id\":\"https:\\\/\\\/lahechiceradelamor.com\\\/product\\\/lectura-carta-natal\\\/#primaryimage\"},\"image\":{\"@id\":\"https:\\\/\\\/lahechiceradelamor.com\\\/product\\\/lectura-carta-natal\\\/#primaryimage\"},\"thumbnailUrl\":\"https:\\\/\\\/lahechiceradelamor.com\\\/wp-content\\\/uploads\\\/2025\\\/11\\\/ChatGPT-Image-Nov-12-2025-04_07_28-PM.png\",\"datePublished\":\"2025-11-14T01:59:33+00:00\",\"dateModified\":\"2025-12-17T03:44:05+00:00\",\"description\":\"Obt\u00e9n una lectura de carta natal profunda y precisa para comprender tu energ\u00eda, tus patrones emocionales y tu misi\u00f3n de vida. Autoconocimiento, claridad y gu\u00eda espiritual.\",\"breadcrumb\":{\"@id\":\"https:\\\/\\\/lahechiceradelamor.com\\\/product\\\/lectura-carta-natal\\\/#breadcrumb\"},\"inLanguage\":\"en-US\",\"potentialAction\":[{\"@type\":\"ReadAction\",\"target\":[\"https:\\\/\\\/lahechiceradelamor.com\\\/product\\\/lectura-carta-natal\\\/\"]}]},{\"@type\":\"ImageObject\",\"inLanguage\":\"en-US\",\"@id\":\"https:\\\/\\\/lahechiceradelamor.com\\\/product\\\/lectura-carta-natal\\\/#primaryimage\",\"url\":\"https:\\\/\\\/lahechiceradelamor.com\\\/wp-content\\\/uploads\\\/2025\\\/11\\\/ChatGPT-Image-Nov-12-2025-04_07_28-PM.png\",\"contentUrl\":\"https:\\\/\\\/lahechiceradelamor.com\\\/wp-content\\\/uploads\\\/2025\\\/11\\\/ChatGPT-Image-Nov-12-2025-04_07_28-PM.png\",\"width\":1024,\"height\":1536,\"caption\":\"lectura de carta natal\"},{\"@type\":\"BreadcrumbList\",\"@id\":\"https:\\\/\\\/lahechiceradelamor.com\\\/product\\\/lectura-carta-natal\\\/#breadcrumb\",\"itemListElement\":[{\"@type\":\"ListItem\",\"position\":1,\"name\":\"Home\",\"item\":\"https:\\\/\\\/lahechiceradelamor.com\\\/\"},{\"@type\":\"ListItem\",\"position\":2,\"name\":\"tienda esoterica\",\"item\":\"https:\\\/\\\/lahechiceradelamor.com\\\/tienda-esoterica\\\/\"},{\"@type\":\"ListItem\",\"position\":3,\"name\":\"Lectura de Carta Natal\"}]},{\"@type\":\"WebSite\",\"@id\":\"https:\\\/\\\/lahechiceradelamor.com\\\/#website\",\"url\":\"https:\\\/\\\/lahechiceradelamor.com\\\/\",\"name\":\"La Hechicera del Amor\",\"description\":\"Encantamientos y Hechizos para transformar tu vida amorosa.\",\"publisher\":{\"@id\":\"https:\\\/\\\/lahechiceradelamor.com\\\/#\\\/schema\\\/person\\\/8d702804eabfc5abdf39d6fecbeabd4e\"},\"alternateName\":\"La Hechicera del Amor\",\"potentialAction\":[{\"@type\":\"SearchAction\",\"target\":{\"@type\":\"EntryPoint\",\"urlTemplate\":\"https:\\\/\\\/lahechiceradelamor.com\\\/?s={search_term_string}\"},\"query-input\":{\"@type\":\"PropertyValueSpecification\",\"valueRequired\":true,\"valueName\":\"search_term_string\"}}],\"inLanguage\":\"en-US\"},{\"@type\":[\"Person\",\"Organization\"],\"@id\":\"https:\\\/\\\/lahechiceradelamor.com\\\/#\\\/schema\\\/person\\\/8d702804eabfc5abdf39d6fecbeabd4e\",\"name\":\"La Hechicera del Amor\",\"image\":{\"@type\":\"ImageObject\",\"inLanguage\":\"en-US\",\"@id\":\"https:\\\/\\\/lahechiceradelamor.com\\\/wp-content\\\/uploads\\\/2024\\\/04\\\/Logo-Florista-Circular-Blanco-Negro-1.png\",\"url\":\"https:\\\/\\\/lahechiceradelamor.com\\\/wp-content\\\/uploads\\\/2024\\\/04\\\/Logo-Florista-Circular-Blanco-Negro-1.png\",\"contentUrl\":\"https:\\\/\\\/lahechiceradelamor.com\\\/wp-content\\\/uploads\\\/2024\\\/04\\\/Logo-Florista-Circular-Blanco-Negro-1.png\",\"width\":500,\"height\":500,\"caption\":\"La Hechicera del Amor\"},\"logo\":{\"@id\":\"https:\\\/\\\/lahechiceradelamor.com\\\/wp-content\\\/uploads\\\/2024\\\/04\\\/Logo-Florista-Circular-Blanco-Negro-1.png\"},\"description\":\"Mi pasi\u00f3n es desvelar los misterios del coraz\u00f3n y encender la chispa del amor verdadero en cada alma. Con cada hechizo y consejo, te guiar\u00e9 en un viaje m\u00e1gico hacia el encuentro de tu destino amoroso. \u00danete a mi comunidad \u201cLa Hechicera del Amor\u201d y descubre el poder transformador de la magia y el amor. Que nuestras energ\u00edas se entrelacen en este camino de luz y pasi\u00f3n. \u00a1Que la magia del amor ilumine tu sendero y haga latir tu coraz\u00f3n con intensidad!\",\"sameAs\":[\"https:\\\/\\\/lahechiceradelamor.com\",\"https:\\\/\\\/www.facebook.com\\\/salomelahechicera?mibextid=LQQJ4d\",\"https:\\\/\\\/www.instagram.com\\\/lahechiceradelamor\",\"https:\\\/\\\/x.com\\\/https:\\\/\\\/twitter.com\\\/lahechicera777\",\"https:\\\/\\\/www.youtube.com\\\/@lahechiceradelamor\"]}]}<\/script>\n<!-- \/ Yoast SEO plugin. -->","yoast_head_json":{"title":"Lectura de Carta Natal Personalizada \u2013 Descubre tu Prop\u00f3sito","description":"Obt\u00e9n una lectura de carta natal profunda y precisa para comprender tu energ\u00eda, tus patrones emocionales y tu misi\u00f3n de vida. Autoconocimiento, claridad y gu\u00eda espiritual.","robots":{"index":"index","follow":"follow","max-snippet":"max-snippet:-1","max-image-preview":"max-image-preview:large","max-video-preview":"max-video-preview:-1"},"canonical":"https:\/\/lahechiceradelamor.com\/en\/product\/lectura-carta-natal\/","og_locale":"en_US","og_type":"article","og_title":"Lectura de Carta Natal Personalizada \u2013 Descubre tu Prop\u00f3sito","og_description":"Obt\u00e9n una lectura de carta natal profunda y precisa para comprender tu energ\u00eda, tus patrones emocionales y tu misi\u00f3n de vida. Autoconocimiento, claridad y gu\u00eda espiritual.","og_url":"https:\/\/lahechiceradelamor.com\/en\/product\/lectura-carta-natal\/","og_site_name":"La Hechicera del Amor","article_publisher":"https:\/\/www.facebook.com\/salomelahechicera?mibextid=LQQJ4d","article_modified_time":"2025-12-17T03:44:05+00:00","og_image":[{"width":683,"height":1024,"url":"https:\/\/lahechiceradelamor.com\/wp-content\/uploads\/2025\/11\/ChatGPT-Image-Nov-12-2025-04_07_28-PM-683x1024.png","type":"image\/png"}],"twitter_card":"summary_large_image","twitter_site":"@lahechicera777","twitter_misc":{"Est. reading time":"3 minutes"},"schema":{"@context":"https:\/\/schema.org","@graph":[{"@type":"WebPage","@id":"https:\/\/lahechiceradelamor.com\/product\/lectura-carta-natal\/","url":"https:\/\/lahechiceradelamor.com\/product\/lectura-carta-natal\/","name":"Lectura de Carta Natal Personalizada \u2013 Descubre tu Prop\u00f3sito","isPartOf":{"@id":"https:\/\/lahechiceradelamor.com\/#website"},"primaryImageOfPage":{"@id":"https:\/\/lahechiceradelamor.com\/product\/lectura-carta-natal\/#primaryimage"},"image":{"@id":"https:\/\/lahechiceradelamor.com\/product\/lectura-carta-natal\/#primaryimage"},"thumbnailUrl":"https:\/\/lahechiceradelamor.com\/wp-content\/uploads\/2025\/11\/ChatGPT-Image-Nov-12-2025-04_07_28-PM.png","datePublished":"2025-11-14T01:59:33+00:00","dateModified":"2025-12-17T03:44:05+00:00","description":"Obt\u00e9n una lectura de carta natal profunda y precisa para comprender tu energ\u00eda, tus patrones emocionales y tu misi\u00f3n de vida. Autoconocimiento, claridad y gu\u00eda espiritual.","breadcrumb":{"@id":"https:\/\/lahechiceradelamor.com\/product\/lectura-carta-natal\/#breadcrumb"},"inLanguage":"en-US","potentialAction":[{"@type":"ReadAction","target":["https:\/\/lahechiceradelamor.com\/product\/lectura-carta-natal\/"]}]},{"@type":"ImageObject","inLanguage":"en-US","@id":"https:\/\/lahechiceradelamor.com\/product\/lectura-carta-natal\/#primaryimage","url":"https:\/\/lahechiceradelamor.com\/wp-content\/uploads\/2025\/11\/ChatGPT-Image-Nov-12-2025-04_07_28-PM.png","contentUrl":"https:\/\/lahechiceradelamor.com\/wp-content\/uploads\/2025\/11\/ChatGPT-Image-Nov-12-2025-04_07_28-PM.png","width":1024,"height":1536,"caption":"lectura de carta natal"},{"@type":"BreadcrumbList","@id":"https:\/\/lahechiceradelamor.com\/product\/lectura-carta-natal\/#breadcrumb","itemListElement":[{"@type":"ListItem","position":1,"name":"Home","item":"https:\/\/lahechiceradelamor.com\/"},{"@type":"ListItem","position":2,"name":"tienda esoterica","item":"https:\/\/lahechiceradelamor.com\/tienda-esoterica\/"},{"@type":"ListItem","position":3,"name":"Lectura de Carta Natal"}]},{"@type":"WebSite","@id":"https:\/\/lahechiceradelamor.com\/#website","url":"https:\/\/lahechiceradelamor.com\/","name":"La Hechicera del Amor","description":"Encantamientos y Hechizos para transformar tu vida amorosa.","publisher":{"@id":"https:\/\/lahechiceradelamor.com\/#\/schema\/person\/8d702804eabfc5abdf39d6fecbeabd4e"},"alternateName":"La Hechicera del Amor","potentialAction":[{"@type":"SearchAction","target":{"@type":"EntryPoint","urlTemplate":"https:\/\/lahechiceradelamor.com\/?s={search_term_string}"},"query-input":{"@type":"PropertyValueSpecification","valueRequired":true,"valueName":"search_term_string"}}],"inLanguage":"en-US"},{"@type":["Person","Organization"],"@id":"https:\/\/lahechiceradelamor.com\/#\/schema\/person\/8d702804eabfc5abdf39d6fecbeabd4e","name":"La Hechicera del Amor","image":{"@type":"ImageObject","inLanguage":"en-US","@id":"https:\/\/lahechiceradelamor.com\/wp-content\/uploads\/2024\/04\/Logo-Florista-Circular-Blanco-Negro-1.png","url":"https:\/\/lahechiceradelamor.com\/wp-content\/uploads\/2024\/04\/Logo-Florista-Circular-Blanco-Negro-1.png","contentUrl":"https:\/\/lahechiceradelamor.com\/wp-content\/uploads\/2024\/04\/Logo-Florista-Circular-Blanco-Negro-1.png","width":500,"height":500,"caption":"La Hechicera del Amor"},"logo":{"@id":"https:\/\/lahechiceradelamor.com\/wp-content\/uploads\/2024\/04\/Logo-Florista-Circular-Blanco-Negro-1.png"},"description":"Mi pasi\u00f3n es desvelar los misterios del coraz\u00f3n y encender la chispa del amor verdadero en cada alma. Con cada hechizo y consejo, te guiar\u00e9 en un viaje m\u00e1gico hacia el encuentro de tu destino amoroso. \u00danete a mi comunidad \u201cLa Hechicera del Amor\u201d y descubre el poder transformador de la magia y el amor. Que nuestras energ\u00edas se entrelacen en este camino de luz y pasi\u00f3n. \u00a1Que la magia del amor ilumine tu sendero y haga latir tu coraz\u00f3n con intensidad!","sameAs":["https:\/\/lahechiceradelamor.com","https:\/\/www.facebook.com\/salomelahechicera?mibextid=LQQJ4d","https:\/\/www.instagram.com\/lahechiceradelamor","https:\/\/x.com\/https:\/\/twitter.com\/lahechicera777","https:\/\/www.youtube.com\/@lahechiceradelamor"]}]}},"_links":{"self":[{"href":"https:\/\/lahechiceradelamor.com\/en\/wp-json\/wp\/v2\/product\/1962","targetHints":{"allow":["GET"]}}],"collection":[{"href":"https:\/\/lahechiceradelamor.com\/en\/wp-json\/wp\/v2\/product"}],"about":[{"href":"https:\/\/lahechiceradelamor.com\/en\/wp-json\/wp\/v2\/types\/product"}],"replies":[{"embeddable":true,"href":"https:\/\/lahechiceradelamor.com\/en\/wp-json\/wp\/v2\/comments?post=1962"}],"wp:featuredmedia":[{"embeddable":true,"href":"https:\/\/lahechiceradelamor.com\/en\/wp-json\/wp\/v2\/media\/1965"}],"wp:attachment":[{"href":"https:\/\/lahechiceradelamor.com\/en\/wp-json\/wp\/v2\/media?parent=1962"}],"wp:term":[{"taxonomy":"product_brand","embeddable":true,"href":"https:\/\/lahechiceradelamor.com\/en\/wp-json\/wp\/v2\/product_brand?post=1962"},{"taxonomy":"product_cat","embeddable":true,"href":"https:\/\/lahechiceradelamor.com\/en\/wp-json\/wp\/v2\/product_cat?post=1962"},{"taxonomy":"product_tag","embeddable":true,"href":"https:\/\/lahechiceradelamor.com\/en\/wp-json\/wp\/v2\/product_tag?post=1962"}],"curies":[{"name":"wp","href":"https:\/\/api.w.org\/{rel}","templated":true}]}}